{"id":12317,"date":"2015-04-21T08:00:12","date_gmt":"2015-04-21T08:00:12","guid":{"rendered":"https:\/\/www.aisilbagno.it\/costi-e-tempi-di-spedizione\/"},"modified":"2021-05-25T12:03:50","modified_gmt":"2021-05-25T10:03:50","slug":"expeditions","status":"publish","type":"page","link":"https:\/\/www.aisilbagno.it\/fr\/expeditions\/","title":{"rendered":"EXP\u00c9DITIONS"},"content":{"rendered":"<section class=\"av_textblock_section \"  itemscope=\"itemscope\" itemtype=\"https:\/\/schema.org\/CreativeWork\" ><div class='avia_textblock  '   itemprop=\"text\" ><h2>EXP\u00c9DITION<\/h2>\n<h3>EXP\u00c9DITIONS:<\/h3>\n<p style=\"text-align: justify;\">Les frais de port sont indiqu\u00e9s sur tous les articles non indiqu\u00e9s sont gratuits.<br \/>\nLes envois sont effectu\u00e9s avec:<\/p>\n<ul>\n<li style=\"text-align: justify;\"><strong>GLS:<\/strong>avec une livraison entre 24h et 72h \u00e0 partir du moment de l&rsquo;exp\u00e9dition selon le lieu, <strong>toutes les marchandises sont assur\u00e9es<\/strong>; le transporteur effectue deux d\u00e9marches en l&rsquo;absence de l&rsquo;acheteur, le retour est \u00e0 la charge de l&rsquo;acheteur y compris les frais de stockage.<\/li>\n<li style=\"text-align: justify;\"><strong>FERCAM:<\/strong> des bacs d&rsquo;exp\u00e9dition et des bacs \u00e0 remous pour les emballages les plus volumineux<\/li>\n<\/ul>\n<ul>\n<li style=\"text-align: justify;\"><strong>ATTENTION<\/strong> les frais de port dans les annonces ne sont pas valables pour les LOCATIONS DISCOMFORT (nous vous contacterons pour vous donner un co\u00fbt de transport, pour voir la liste cliquez sur le mot LOCATIONS DISCOMFORTES EN BLEU) et pour les Iles, Calabre et Pouilles (15 \u20ac appara\u00eet automatiquement, 00) sauf pour l&rsquo;\u00ceLE D&rsquo;ELBE (15,00 \u20ac et \u00e0 convenir pour les colis volumineux), la lagune de Venise \u00e0 demander.<strong><br \/>\n<\/strong><\/li>\n<\/ul>\n<ul>\n<li style=\"text-align: justify;\">LE TRANSPORT A lieu SANS CARTE HYDRAULIQUE LE MAT\u00c9RIEL PEUT \u00caTRE D\u00c9CHARG\u00c9 \u00c0<br \/>\nLA MAIN, TOUT TYPE DE DEMANDE AUTRE QUE LE TRANSPORT STANDARD EST UN<br \/>\nPAIEMENT.<\/li>\n<li style=\"text-align: justify;\"><strong>LE TRANSPORT AVEC UNE CARTE HYDRAULIQUE EST PAY\u00c9 40,00 \u20ac EN PLUS DES FRAIS DE TRANSPORT<\/strong><\/li>\n<li style=\"text-align: justify;\">SI VOUS DEMANDEZ UN SERVICE NON ACCEPT\u00c9 DU TRANSPORTEUR<br \/>\nD&rsquo;ABORD AVEC NOUS, LES FRAIS DE STOCK SERONT FACTUR\u00c9S<\/li>\n<li style=\"text-align: justify;\">LE TRANSPORT SE FAIT PAR R\u00c9SERVATION T\u00c9L\u00c9PHONIQUE, SI LE CLIENT NE LE FAIT PAS<br \/>\nSOUMETTRE AU RENDEZ-VOUS, VOUS DEVREZ PAYER LES FRAIS DE STOCK ET DE RETOUR<\/li>\n<li style=\"text-align: justify;\">NE DEMANDEZ PAS DE TRANSPORTER LES MARCHANDISES SUR TOUTE ROUTE AUTRE QUE CELLES<br \/>\nCOMMENCEZ, DANS CE CAS, VOUS DEVREZ PAYER LE STOCK<\/li>\n<li style=\"text-align: justify;\">LA LIVRAISON A LIEU DANS LA RUE, PAS DANS LA CAVE, DANS LA BO\u00ceTE &#8230;.<\/li>\n<li style=\"text-align: justify;\">AU D\u00c9CHARGEMENT, SIGNEZ AVEC R\u00c9SERVE UNIQUEMENT SI UNE RAISON DOIT \u00caTRE \u00c9CRITE<br \/>\n(EXEMPLE DE SIGNATURE AVEC RESERVE CAR LE FORFAIT A DES PHOTOS &#8230;&#8230;.)<br \/>\nSIGNER SIMPLEMENT AVEC R\u00c9SERVE N&rsquo;UTILISE RIEN<\/li>\n<\/ul>\n<h3>COMMENT SE COMPORTER \u00c0 LA LIVRAISON:<\/h3>\n<p style=\"text-align: justify;\"><strong>Avant de signer le document de transport, v\u00e9rifiez:<\/strong><\/p>\n<ul style=\"text-align: justify;\">\n<li>le nombre de colis<\/li>\n<li>l&rsquo;int\u00e9grit\u00e9 du colis (s&rsquo;il n&rsquo;est pas intact, signer avec r\u00e9serve et motivation)<\/li>\n<li><strong>Pour votre s\u00e9curit\u00e9, nous vous recommandons d&rsquo;apposer la mention \u00abR\u00e9serve de contr\u00f4le\u00bb si l&#8217;emballage n&rsquo;est pas parfaitement intact, en pr\u00e9cisant le motif<br \/>\nEXEMPLES DE R\u00c9SERVE DE CONTR\u00d4LE:<\/strong><\/p>\n<ul>\n<li>COU ENDOMMAG\u00c9<\/li>\n<li>D\u00c9FORM\u00c9<\/li>\n<li>LESSIVE<\/li>\n<li>DISCONDITIONN\u00c9<\/li>\n<li>RENVERS\u00c9<\/li>\n<li>MALTRAIT<\/li>\n<li>PAS DE SANGLE<\/li>\n<li>NON FILM\u00c9<\/li>\n<li>PR\u00c9OCCUP\u00c9<\/li>\n<li>Directives l\u00e9gales du transporteur<\/li>\n<\/ul>\n<\/li>\n<li>Selon les dispositions de l&rsquo;article 1698 du Code civil, la r\u00e9ception des marchandises sans r\u00e9serves ni motifs met le courrier hors de cause des actes pr\u00e9judiciables tels que signal\u00e9s dans le contrat sauf en cas de faute intentionnelle ou de faute grave du transporteur qui doit logiquement \u00eatre d\u00e9montr\u00e9e par le client.<br \/>\nIl est important de rappeler que si les r\u00e9serves ne sont pas motiv\u00e9es par un mauvais \u00e9tat de l&#8217;emballage il est quasiment impossible de prouver la responsabilit\u00e9 du transporteur:<\/li>\n<li><strong>Dommages visibles de l&rsquo;ext\u00e9rieur et \/ ou quantit\u00e9s manquantes<\/strong>: pour prot\u00e9ger votre droit \u00e0 indemnisation ou au remplacement de la marchandise, vous devez apposer la mention <strong>\u00abR\u00e9serve de contr\u00f4le\u00bb<\/strong> et en indiquer la raison comme dans les exemples cit\u00e9s ci-dessus; Alternativement, vous pouvez refuser l&rsquo;acceptation et la collecte des marchandises endommag\u00e9es en \u00e9crivant le motif sur la feuille de route au stylo.<\/li>\n<li><strong>Les Marchandises retir\u00e9es uniquement \u00ab\u00a0R\u00e9serve de Contr\u00f4le\u00a0\u00bb ne donnent pas le droit d&rsquo;\u00eatre indemnis\u00e9es et sont inutiles<\/strong><\/li>\n<li>Par cons\u00e9quent, soyez tr\u00e8s prudent lorsque vous r\u00e9cup\u00e9rez la marchandise et signez les documents de transport afin d&rsquo;\u00e9viter des malentendus d\u00e9sagr\u00e9ables lors de l&rsquo;apr\u00e8s-vente.<\/li>\n<li>Pour ouvrir un dossier de Dommage, le client doit nous fournir des photos \u00e0 envoyer \u00e0 <a href=\"mailto:info@aisilbagno.it\">info@aisilbagno.it<\/a><\/li>\n<li>Au moment du d\u00e9part des Marchandises, accompagn\u00e9 du suivi, un e-mail sera envoy\u00e9 expliquant comment se comporter lors du d\u00e9chargement<\/li>\n<li>Pour toute clarification ou malentendu sur la fa\u00e7on de recevoir la marchandise, contactez-nous au 0106512810<\/li>\n<\/ul>\n<p style=\"text-align: justify;\">ATTENTION apr\u00e8s 8 jours \u00e0 compter de la r\u00e9ception de la marchandise, les rapports d&rsquo;anomalies li\u00e9es au transport ou au contenu de l&rsquo;envoi ne seront pas accept\u00e9s.<\/p>\n<h3>HEURE DE LIVRAISON:<\/h3>\n<p style=\"text-align: justify;\">La marchandise est g\u00e9n\u00e9ralement en stock. Pour les baignoires, les cabines \u00e0 remous avec saunas, les sols, les colonnes d&rsquo;hydromassage, demandez les d\u00e9lais de livraison \u00e0: <a href=\"mailto:info@aisilbagno.it\">info@aisilbagno.it<\/a> ou contactez-nous au 0106512810; en cas d&rsquo;achat o\u00f9 les marchandises ne sont pas disponibles, nous vous contacterons imm\u00e9diatement.<\/p>\n<h3>REVENIR:<\/h3>\n<p style=\"text-align: justify;\">le client peut exercer son droit de r\u00e9tractation au plus tard 10 jours apr\u00e8s r\u00e9ception de la marchandise, les frais de port et les marchandises voyagent aux risques et aux frais de l&rsquo;acheteur.<br \/>\nle mat\u00e9riel doit \u00eatre dans son emballage d&rsquo;origine et inclure toutes les pi\u00e8ces non alt\u00e9r\u00e9es \u00e0 l&rsquo;int\u00e9rieur de l&#8217;emballage. La soci\u00e9t\u00e9 Ais Il Bagno se r\u00e9serve le droit de v\u00e9rifier la marchandise et d&rsquo;en cr\u00e9diter le montant, apr\u00e8s d\u00e9duction du transport et des \u00e9ventuelles anomalies.<\/p>\n<\/div><\/section>\n","protected":false},"excerpt":{"rendered":"","protected":false},"author":2,"featured_media":0,"parent":0,"menu_order":0,"comment_status":"closed","ping_status":"closed","template":"","meta":[],"_links":{"self":[{"href":"https:\/\/www.aisilbagno.it\/fr\/wp-json\/wp\/v2\/pages\/12317"}],"collection":[{"href":"https:\/\/www.aisilbagno.it\/fr\/wp-json\/wp\/v2\/pages"}],"about":[{"href":"https:\/\/www.aisilbagno.it\/fr\/wp-json\/wp\/v2\/types\/page"}],"author":[{"embeddable":true,"href":"https:\/\/www.aisilbagno.it\/fr\/wp-json\/wp\/v2\/users\/2"}],"replies":[{"embeddable":true,"href":"https:\/\/www.aisilbagno.it\/fr\/wp-json\/wp\/v2\/comments?post=12317"}],"version-history":[{"count":5,"href":"https:\/\/www.aisilbagno.it\/fr\/wp-json\/wp\/v2\/pages\/12317\/revisions"}],"predecessor-version":[{"id":12319,"href":"https:\/\/www.aisilbagno.it\/fr\/wp-json\/wp\/v2\/pages\/12317\/revisions\/12319"}],"wp:attachment":[{"href":"https:\/\/www.aisilbagno.it\/fr\/wp-json\/wp\/v2\/media?parent=12317"}],"curies":[{"name":"wp","href":"https:\/\/api.w.org\/{rel}","templated":true}]}}