{"id":10940,"date":"2019-04-04T12:04:21","date_gmt":"2019-04-04T10:04:21","guid":{"rendered":"https:\/\/www.aisilbagno.it\/?page_id=10940"},"modified":"2019-04-04T12:04:21","modified_gmt":"2019-04-04T10:04:21","slug":"cookies","status":"publish","type":"page","link":"https:\/\/www.aisilbagno.it\/fr\/cookies\/","title":{"rendered":"Cookies"},"content":{"rendered":"<div class=\"flex_column av_one_full  flex_column_div first  avia-builder-el-0  avia-builder-el-no-sibling  \" ><section class=\"av_textblock_section \"  itemscope=\"itemscope\" itemtype=\"https:\/\/schema.org\/CreativeWork\" ><div class='avia_textblock  '   itemprop=\"text\" ><h2>Cookies<\/h2>\n<p>Les cookies sont de petites cha\u00eenes de texte que les sites visit\u00e9s par l&rsquo;utilisateur envoient \u00e0 son terminal (g\u00e9n\u00e9ralement le navigateur), o\u00f9 ils sont stock\u00e9s avant d&rsquo;\u00eatre retransmis aux m\u00eames sites lors de la prochaine visite par le m\u00eame utilisateur. Les cookies, qui sont g\u00e9n\u00e9ralement tr\u00e8s nombreux dans les navigateurs des utilisateurs et parfois dot\u00e9s d\u2019une longue persistance temporelle, sont utilis\u00e9s \u00e0 des fins diff\u00e9rentes: authentification de l\u2019ordinateur, surveillance de session, stockage d\u2019informations sur des configurations sp\u00e9cifiques concernant les utilisateurs acc\u00e9dant \u00e0 Internet. serveur, etc.<\/p>\n<p>Ce site recueille des cookies \u00ab\u00a0techniques\u00a0\u00bb, qui sont ceux utilis\u00e9s dans le seul but de \u00ab\u00a0transmettre une communication sur un r\u00e9seau de communication \u00e9lectronique, ou strictement n\u00e9cessaires au fournisseur d&rsquo;un service de la soci\u00e9t\u00e9 de l&rsquo;information explicitement demand\u00e9 par l&rsquo;abonn\u00e9. ou par l&rsquo;utilisateur pour fournir ce service \u00ab\u00a0(conform\u00e9ment \u00e0 l&rsquo;article 122, paragraphe 1 du Code de la vie priv\u00e9e). Ils ne sont pas utilis\u00e9s \u00e0 d&rsquo;autres fins et peuvent \u00eatre:<\/p>\n<p>&#8211; les cookies de navigation ou de session, qui garantissent la navigation et l&rsquo;utilisation normales du site Web (permettant, par exemple, de s&rsquo;authentifier pour acc\u00e9der \u00e0 des zones restreintes);<\/p>\n<p>&#8211; les cookies d&rsquo;analyse, similaires aux cookies techniques lorsqu&rsquo;ils sont utilis\u00e9s directement par le responsable du site pour collecter des informations, sous forme agr\u00e9g\u00e9e, sur le nombre d&rsquo;utilisateurs et la mani\u00e8re dont ils visitent le site;<\/p>\n<p>&#8211; les cookies de fonctionnalit\u00e9, qui permettent \u00e0 l&rsquo;utilisateur de naviguer en fonction d&rsquo;une s\u00e9rie de crit\u00e8res s\u00e9lectionn\u00e9s (par exemple, la langue) afin d&rsquo;am\u00e9liorer le service rendu.<\/p>\n<p>Lors de leur visite sur notre site, les syst\u00e8mes informatiques utilis\u00e9s pour les exploiter acqui\u00e8rent, au cours de leur fonctionnement normal, des donn\u00e9es dont la transmission est implicite et n\u00e9cessaire au fonctionnement de l\u2019Internet. Ces informations ne sont pas collect\u00e9es pour \u00eatre associ\u00e9es \u00e0 des sujets identifi\u00e9s mais, de par leur nature, pourraient, par leur traitement et leur association avec des donn\u00e9es d\u00e9tenues par des tiers, permettre l&rsquo;identification d&rsquo;utilisateurs. Cette cat\u00e9gorie de donn\u00e9es comprend, par exemple, les adresses IP ou les noms de domaine des ordinateurs utilis\u00e9s par les utilisateurs se connectant aux sites, les adresses URI (identificateur de ressource uniforme) des ressources demand\u00e9es, l&rsquo;heure de la demande, la m\u00e9thode utilis\u00e9 pour soumettre la demande au serveur, la taille du fichier obtenu en r\u00e9ponse, le code num\u00e9rique indiquant l\u2019\u00e9tat de la r\u00e9ponse donn\u00e9e par le serveur (succ\u00e8s, erreur, etc.) et d\u2019autres param\u00e8tres relatifs au syst\u00e8me d\u2019exploitation et \u00e0 l\u2019environnement informatique du utilisateur. Ce site utilise ces donn\u00e9es dans le seul but d&rsquo;obtenir des informations statistiques anonymes sur l&rsquo;utilisation des sites et d&rsquo;en v\u00e9rifier le bon fonctionnement. Les donn\u00e9es pourraient \u00eatre utilis\u00e9es pour d\u00e9terminer la responsabilit\u00e9 en cas de crimes informatiques hypoth\u00e9tiques.<\/p>\n<p>Ce site ne collecte pas les \u00ab\u00a0cookies de profilage\u00a0\u00bb, c\u2019est-\u00e0-dire ceux qui ont pour but de cr\u00e9er des profils d\u2019utilisateur et utilis\u00e9s pour envoyer des messages publicitaires conformes aux pr\u00e9f\u00e9rences de l\u2019utilisateur dans le contexte de la navigation sur le Web.<\/p>\n<p>Les donn\u00e9es acquises au cours de la navigation peuvent \u00eatre connues par des soci\u00e9t\u00e9s tierces qui fournissent des services de support informatique et traitent des donn\u00e9es nomm\u00e9es \u00e0 cet effet. Les donn\u00e9es peuvent ensuite \u00eatre connues et trait\u00e9es au sein de notre soci\u00e9t\u00e9 par le personnel en charge du traitement dans les limites o\u00f9 cela est n\u00e9cessaire \u00e0 l&rsquo;exercice de leurs fonctions, en effectuant uniquement les op\u00e9rations n\u00e9cessaires \u00e0 leur ex\u00e9cution. Sur demande expresse et dans les cas autoris\u00e9s par la loi, les donn\u00e9es peuvent \u00eatre communiqu\u00e9es aux autorit\u00e9s de la s\u00e9curit\u00e9 publique et aux forces de police. Aucune donn\u00e9e de navigation n&rsquo;est en aucun cas diffus\u00e9e.<\/p>\n<p>Voulez-vous refuser le consentement \u00e0 l&rsquo;installation de cookies? La plupart des navigateurs (Chrome, Firefox, Internet Explorer, Safari, etc.) sont configur\u00e9s pour accepter les cookies automatiquement. Cependant, vous avez la possibilit\u00e9 de configurer votre navigateur pour qu&rsquo;il accepte tous les cookies, seulement certains, ou les refuse, ce qui les emp\u00eache de les utiliser par ce site ou d&rsquo;autres sites. Vous pouvez \u00e9galement d\u00e9finir les pr\u00e9f\u00e9rences de votre navigateur pour que vous soyez averti chaque fois qu&rsquo;un cookie est stock\u00e9 sur votre ordinateur. De plus, \u00e0 la fin de chaque session de navigation, vous pouvez supprimer les cookies collect\u00e9s du disque dur de votre appareil. Si vous souhaitez supprimer les cookies install\u00e9s dans le dossier de cookies du navigateur, sachez que chaque navigateur utilise des proc\u00e9dures diff\u00e9rentes pour g\u00e9rer les param\u00e8tres.<\/p>\n<p>Pour d\u00e9sactiver et g\u00e9rer les cookies, acc\u00e9dez aux param\u00e8tres de votre navigateur (dans la plupart des cas, cliquez sur l&rsquo;\u00e9l\u00e9ment \u00ab\u00a0aide\u00a0\u00bb. Vous y trouverez des instructions pour d\u00e9sactiver les cookies. Vous pouvez \u00e9galement les rechercher \u00e0 l&rsquo;aide de la fonction \u00ab\u00a0Rechercher\u00a0\u00bb) et les modifier en fonction des param\u00e8tres. vos besoins. Toutefois, sachez que refuser l&rsquo;utilisation de cookies en termes absolus pourrait vous emp\u00eacher d&rsquo;utiliser les services de diff\u00e9rents sites, y compris celui-ci, et d&rsquo;effectuer des achats, des transactions, des enregistrements et un acc\u00e8s en ligne.<\/p>\n<p>Si vous ne souhaitez pas recevoir de cookies de Google Analytics (le principal outil d&rsquo;analyse des flux d&rsquo;acc\u00e8s aux sites Web), acc\u00e9dez \u00e0 la zone Outils Google.<\/p>\n<\/div><\/section><\/div>\n","protected":false},"excerpt":{"rendered":"","protected":false},"author":1,"featured_media":0,"parent":0,"menu_order":0,"comment_status":"closed","ping_status":"closed","template":"","meta":[],"_links":{"self":[{"href":"https:\/\/www.aisilbagno.it\/fr\/wp-json\/wp\/v2\/pages\/10940"}],"collection":[{"href":"https:\/\/www.aisilbagno.it\/fr\/wp-json\/wp\/v2\/pages"}],"about":[{"href":"https:\/\/www.aisilbagno.it\/fr\/wp-json\/wp\/v2\/types\/page"}],"author":[{"embeddable":true,"href":"https:\/\/www.aisilbagno.it\/fr\/wp-json\/wp\/v2\/users\/1"}],"replies":[{"embeddable":true,"href":"https:\/\/www.aisilbagno.it\/fr\/wp-json\/wp\/v2\/comments?post=10940"}],"version-history":[{"count":3,"href":"https:\/\/www.aisilbagno.it\/fr\/wp-json\/wp\/v2\/pages\/10940\/revisions"}],"predecessor-version":[{"id":10943,"href":"https:\/\/www.aisilbagno.it\/fr\/wp-json\/wp\/v2\/pages\/10940\/revisions\/10943"}],"wp:attachment":[{"href":"https:\/\/www.aisilbagno.it\/fr\/wp-json\/wp\/v2\/media?parent=10940"}],"curies":[{"name":"wp","href":"https:\/\/api.w.org\/{rel}","templated":true}]}}