{"id":10936,"date":"2019-04-04T12:01:26","date_gmt":"2019-04-04T10:01:26","guid":{"rendered":"https:\/\/www.aisilbagno.it\/?page_id=10936"},"modified":"2021-12-10T14:34:02","modified_gmt":"2021-12-10T13:34:02","slug":"info-contatti","status":"publish","type":"page","link":"https:\/\/www.aisilbagno.it\/fr\/info-contatti\/","title":{"rendered":"Info &#038; Contatti"},"content":{"rendered":"<div  class='av_gmaps_sc_main_wrap av_gmaps_main_wrap '><div id='av_gmap_0' class='avia-google-map-container avia-google-map-sc av_gmaps_show_unconditionally av-no-fallback-img ' data-mapid='av_gmap_0'  style='height: 400px;'><a class=\"av_gmaps_browser_disabled av_text_confirm_link av_text_confirm_link_visible\" href=\"https:\/\/www.google.com\/maps\/search\/?api=1&#038;query=Via%20Bellini%20Vincenzo%2017R%20\/%2019R%20%20Genova%20%20Italia\" target=\"_blank\" rel=\"noopener\">Les cartes ont \u00e9t\u00e9 d\u00e9sactiv\u00e9es par le visiteur sur ce site. Cliquer pour ouvrir la carte dans une nouvelle fen\u00eatre.<\/a><\/div><\/div>\n<div id='av_section_1' class='avia-section main_color avia-section-default avia-no-border-styling avia-bg-style-scroll  avia-builder-el-1  el_after_av_google_map  avia-builder-el-last   container_wrap fullsize' style = 'background-color: #ffffff; background-image: '  ><div class='container' ><div class='template-page content  av-content-full alpha units'><div class='post-entry post-entry-type-page post-entry-10936'><div class='entry-content-wrapper clearfix'>\n<div class=\"flex_column av_one_third  flex_column_div first  avia-builder-el-2  el_before_av_two_third  avia-builder-el-first  \" ><section class=\"av_textblock_section \"  itemscope=\"itemscope\" itemtype=\"https:\/\/schema.org\/CreativeWork\" ><div class='avia_textblock  '  style='font-size:18px; '  itemprop=\"text\" ><h3><strong><span class=\"firmname\">AIS IL BAGNO snc<\/span><\/strong><\/h3>\n<p>Via Vincenzo Bellini 17\/19 \/ R<br \/>\n16152 G\u00eanes (GE) &#8211; Italie<br \/>\nP.I. 03763260100<br \/>\nTel: 010 6512810<br \/>\nEmail: <a href=\"mailto:info@aisilbagno.it\">info@aisilbagno.it<\/a><\/p>\n<\/div><\/section><br \/>\n<div   class='hr hr-default   avia-builder-el-4  el_after_av_textblock  el_before_av_textblock '><span class='hr-inner ' ><span class='hr-inner-style'><\/span><\/span><\/div><br \/>\n<section class=\"av_textblock_section \"  itemscope=\"itemscope\" itemtype=\"https:\/\/schema.org\/CreativeWork\" ><div class='avia_textblock  '  style='font-size:18px; '  itemprop=\"text\" ><p><strong>Heures d&rsquo;ouverture<\/strong><\/p>\n<p>Notre point de vente est \u00e0 G\u00eanes dans la r\u00e9gion de Cornigliano:<br \/>\nOuvert du lundi au vendredi de 9h \u00e0 12h et de 15h \u00e0 19h<br \/>\nSamedi 09h00-12h00 \/ 16h00-19h00.<\/p>\n<\/div><\/section><\/p><\/div><div class=\"flex_column av_two_third  flex_column_div   avia-builder-el-6  el_after_av_one_third  avia-builder-el-last  \" ><form action=\"https:\/\/www.aisilbagno.it\/fr\/info-contatti\/\" method=\"post\"  class=\"avia_ajax_form av-form-labels-visible   avia-builder-el-7  avia-builder-el-no-sibling   \" data-avia-form-id=\"1\" data-avia-redirect='' ><h3 class=''>CONTACTEZ-NOUS<\/h3><fieldset><p class='  first_form  form_element form_element_half' id='element_avia_1_1'><label for=\"avia_1_1\">Prenom <abbr class=\"required\" title=\"requis(e)\">*<\/abbr><\/label> <input name=\"avia_1_1\" class=\"text_input is_empty\" type=\"text\" id=\"avia_1_1\" value=\"\" \/><\/p><p class='  form_element form_element_half' id='element_avia_2_1'><label for=\"avia_2_1\">E-Mail <abbr class=\"required\" title=\"requis(e)\">*<\/abbr><\/label> <input name=\"avia_2_1\" class=\"text_input is_email\" type=\"text\" id=\"avia_2_1\" value=\"\" \/><\/p><p class='  first_form  form_element form_element_half' id='element_avia_3_1'><label for=\"avia_3_1\">T\u00e9l\u00e9phone <abbr class=\"required\" title=\"requis(e)\">*<\/abbr><\/label> <input name=\"avia_3_1\" class=\"text_input is_phone\" type=\"text\" id=\"avia_3_1\" value=\"\" \/><\/p><p class='  form_element form_element_half' id='element_avia_4_1'><label for=\"avia_4_1\">Sujet <abbr class=\"required\" title=\"requis(e)\">*<\/abbr><\/label> <input name=\"avia_4_1\" class=\"text_input is_empty\" type=\"text\" id=\"avia_4_1\" value=\"\" \/><\/p><p class=' first_form  form_element form_fullwidth' id='element_avia_5_1'>    <input  name=\"avia_5_1\" class=\"input_checkbox is_empty\" type=\"checkbox\" id=\"avia_5_1\" value=\"true\"\/><label class=\"input_checkbox_label\" for=\"avia_5_1\">Je consens au traitement des donn\u00e9es personnelles conform\u00e9ment au d\u00e9cret l\u00e9gislatif n. 196\/2003 (Code concernant la protection des donn\u00e9es personnelles) <abbr class=\"required\" title=\"requis(e)\">*<\/abbr><\/label><\/p><p class='  first_form  form_element form_fullwidth av-last-visible-form-element' id='element_avia_6_1'><label for=\"avia_6_1\" class=\"textare_label hidden textare_label_avia_6_1\">Message <abbr class=\"required\" title=\"requis(e)\">*<\/abbr><\/label><textarea  name=\"avia_6_1\" class=\"text_area is_empty\" cols=\"40\" rows=\"7\" id=\"avia_6_1\" ><\/textarea><\/p><p class=\"hidden\"><input type=\"text\" name=\"avia_7_1\" class=\"hidden \" id=\"avia_7_1\" value=\"\" \/><\/p><p class=\"form_element \"><input type=\"hidden\" value=\"1\" name=\"avia_generated_form1\" \/><input type=\"submit\" value=\"Soumettre\" class=\"button\"  data-sending-label=\"Envoi\"\/><\/p><\/fieldset><\/form><div id=\"ajaxresponse_1\" class=\"ajaxresponse ajaxresponse_1 hidden\"><\/div><\/div>\n","protected":false},"excerpt":{"rendered":"","protected":false},"author":1,"featured_media":0,"parent":0,"menu_order":0,"comment_status":"closed","ping_status":"closed","template":"","meta":[],"_links":{"self":[{"href":"https:\/\/www.aisilbagno.it\/fr\/wp-json\/wp\/v2\/pages\/10936"}],"collection":[{"href":"https:\/\/www.aisilbagno.it\/fr\/wp-json\/wp\/v2\/pages"}],"about":[{"href":"https:\/\/www.aisilbagno.it\/fr\/wp-json\/wp\/v2\/types\/page"}],"author":[{"embeddable":true,"href":"https:\/\/www.aisilbagno.it\/fr\/wp-json\/wp\/v2\/users\/1"}],"replies":[{"embeddable":true,"href":"https:\/\/www.aisilbagno.it\/fr\/wp-json\/wp\/v2\/comments?post=10936"}],"version-history":[{"count":5,"href":"https:\/\/www.aisilbagno.it\/fr\/wp-json\/wp\/v2\/pages\/10936\/revisions"}],"predecessor-version":[{"id":13498,"href":"https:\/\/www.aisilbagno.it\/fr\/wp-json\/wp\/v2\/pages\/10936\/revisions\/13498"}],"wp:attachment":[{"href":"https:\/\/www.aisilbagno.it\/fr\/wp-json\/wp\/v2\/media?parent=10936"}],"curies":[{"name":"wp","href":"https:\/\/api.w.org\/{rel}","templated":true}]}}