{"id":10932,"date":"2019-04-04T11:53:10","date_gmt":"2019-04-04T09:53:10","guid":{"rendered":"https:\/\/www.aisilbagno.it\/?page_id=10932"},"modified":"2019-04-04T11:53:10","modified_gmt":"2019-04-04T09:53:10","slug":"garantie-legale","status":"publish","type":"page","link":"https:\/\/www.aisilbagno.it\/fr\/garantie-legale\/","title":{"rendered":"GARANTIE L\u00c9GALE"},"content":{"rendered":"<section class=\"av_textblock_section \"  itemscope=\"itemscope\" itemtype=\"https:\/\/schema.org\/CreativeWork\" ><div class='avia_textblock  '   itemprop=\"text\" ><h2>GARANTIE L\u00c9GALE<\/h2>\n<p>Les produits achet\u00e9s sont toujours accompagn\u00e9s d&rsquo;une garantie l\u00e9gale couvrant les d\u00e9fauts de fabrication et de conformit\u00e9 (d\u00e9fauts, pannes et bris r\u00e9sultant d&rsquo;une utilisation normale, d\u00e9fauts de la marchandise) des produits eux-m\u00eames pendant 24 mois \u00e0 compter de la date de livraison du produit.<\/p>\n<p>Les personnes ayant achet\u00e9 les produits dans le cadre de leurs activit\u00e9s commerciales ou professionnelles, en indiquant leur num\u00e9ro de TVA, ne peuvent pas faire valoir la garantie l\u00e9gale.<\/p>\n<p>La garantie l\u00e9gale donne le droit de demander au vendeur:<\/p>\n<ul>\n<li>au choix du consommateur, la r\u00e9paration ou le remplacement de la marchandise, \u00e0 titre gratuit, \u00e0 condition que la solution demand\u00e9e ne soit ni impossible ni excessivement contraignante par rapport \u00e0 la solution de remplacement, compte tenu: de l&rsquo;\u00e9tendue du d\u00e9faut possible, de la valeur du produit sans d\u00e9faut et la possibilit\u00e9 que la solution de remplacement puisse \u00eatre mise en \u0153uvre en \u00e9vitant des inconv\u00e9nients importants pour le client;<\/li>\n<li>dans le cas o\u00f9 la r\u00e9paration ou le remplacement est impossible, excessivement on\u00e9reux ou tardif, ou s&rsquo;il pr\u00e9sente un inconv\u00e9nient majeur pour le client et ne r\u00e9sout pas le probl\u00e8me de mani\u00e8re efficace, le client a le droit de demander une r\u00e9duction de prix ou la r\u00e9siliation du contrat. Lors de la d\u00e9termination du montant de la r\u00e9duction ou du montant \u00e0 restituer, l&rsquo;utilisation de l&rsquo;actif doit \u00eatre prise en compte. En tout \u00e9tat de cause, le contrat ne peut \u00eatre r\u00e9sili\u00e9 pour des d\u00e9fauts mineurs pour lesquels le produit n&rsquo;a pas pu \u00eatre r\u00e9par\u00e9 ou remplac\u00e9.<\/li>\n<\/ul>\n<p>Le vendeur effectue la r\u00e9paration ou le remplacement du produit dans un d\u00e9lai maximum de 60 jours \u00e0 compter de la livraison au point de vente, \u00e0 l\u2019exclusion du d\u00e9lai n\u00e9cessaire pour obtenir des pi\u00e8ces de rechange qui ne sont pas imm\u00e9diatement disponibles.<\/p>\n<p>Pour faire appliquer la garantie, le client doit l\u00e9galement:<\/p>\n<ul>\n<li>conserver et montrer le re\u00e7u d&rsquo;achat;<\/li>\n<li>d\u00e9noncer le d\u00e9faut dans les deux mois de sa d\u00e9couverte;<\/li>\n<\/ul>\n<\/div><\/section>\n","protected":false},"excerpt":{"rendered":"","protected":false},"author":1,"featured_media":0,"parent":0,"menu_order":0,"comment_status":"closed","ping_status":"closed","template":"","meta":[],"_links":{"self":[{"href":"https:\/\/www.aisilbagno.it\/fr\/wp-json\/wp\/v2\/pages\/10932"}],"collection":[{"href":"https:\/\/www.aisilbagno.it\/fr\/wp-json\/wp\/v2\/pages"}],"about":[{"href":"https:\/\/www.aisilbagno.it\/fr\/wp-json\/wp\/v2\/types\/page"}],"author":[{"embeddable":true,"href":"https:\/\/www.aisilbagno.it\/fr\/wp-json\/wp\/v2\/users\/1"}],"replies":[{"embeddable":true,"href":"https:\/\/www.aisilbagno.it\/fr\/wp-json\/wp\/v2\/comments?post=10932"}],"version-history":[{"count":3,"href":"https:\/\/www.aisilbagno.it\/fr\/wp-json\/wp\/v2\/pages\/10932\/revisions"}],"predecessor-version":[{"id":10935,"href":"https:\/\/www.aisilbagno.it\/fr\/wp-json\/wp\/v2\/pages\/10932\/revisions\/10935"}],"wp:attachment":[{"href":"https:\/\/www.aisilbagno.it\/fr\/wp-json\/wp\/v2\/media?parent=10932"}],"curies":[{"name":"wp","href":"https:\/\/api.w.org\/{rel}","templated":true}]}}