{"id":10928,"date":"2019-04-04T11:44:23","date_gmt":"2019-04-04T09:44:23","guid":{"rendered":"https:\/\/www.aisilbagno.it\/?page_id=10928"},"modified":"2019-04-04T11:44:23","modified_gmt":"2019-04-04T09:44:23","slug":"conditions-generales","status":"publish","type":"page","link":"https:\/\/www.aisilbagno.it\/fr\/conditions-generales\/","title":{"rendered":"CONDITIONS G\u00c9N\u00c9RALES"},"content":{"rendered":"<div class=\"flex_column av_one_full  flex_column_div first  avia-builder-el-0  avia-builder-el-no-sibling  \" ><section class=\"av_textblock_section \"  itemscope=\"itemscope\" itemtype=\"https:\/\/schema.org\/CreativeWork\" ><div class='avia_textblock  '   itemprop=\"text\" ><h2>CONDITIONS G\u00c9N\u00c9RALES<\/h2>\n<p>Cher client,<br \/>\nNous vous informons que les conditions g\u00e9n\u00e9rales de vente, \u00e9num\u00e9r\u00e9es ci-dessous, indiquent, conform\u00e9ment \u00e0 la r\u00e9glementation en vigueur en mati\u00e8re de protection du consommateur, les conditions et les modalit\u00e9s selon lesquelles proc\u00e9der en ligne avec l&rsquo;achat en ligne sur le site internet de AIS IL BAGNO snc, d\u00e9sormais appel\u00e9 le Vendeur, des produits qui vous int\u00e9ressent de mani\u00e8re s\u00fbre, simple et pratique. Par cons\u00e9quent, nous vous invitons \u00e0 les lire et \u00e0 les accepter afin de proc\u00e9der \u00e0 l&rsquo;achat.<\/p>\n<h3>I. CESSION DE MARCHANDISES<\/h3>\n<p>La disponibilit\u00e9 des produits est toujours indiqu\u00e9e, mais il s\u2019agit d\u2019une information indicative car ils ne sont pas mis \u00e0 jour en temps r\u00e9el.<\/p>\n<h3>II. CONDITIONS DE LIVRAISON<\/h3>\n<p>Les d\u00e9lais de livraison varient en fonction de la disponibilit\u00e9 du mat\u00e9riel, indiqu\u00e9 au moment de l&rsquo;achat. Si l&rsquo;article n&rsquo;est pas en stock au moment de la commande, une communication rapide sera \u00e9tablie avec le client, indiquant la date de livraison possible.<\/p>\n<h3>III. OBJET<\/h3>\n<p>Les pr\u00e9sentes conditions g\u00e9n\u00e9rales de vente r\u00e9gissent la vente des produits commercialis\u00e9s par le vendeur aux utilisateurs consommateurs et aux utilisateurs agissant \u00e0 des fins li\u00e9es \u00e0 l&rsquo;activit\u00e9 professionnelle.<br \/>\nLes pr\u00e9sentes conditions g\u00e9n\u00e9rales entrent en vigueur \u00e0 compter de la date d&rsquo;acceptation de celle-ci par le client sur le site, qui est valable \u00e0 toutes fins utiles comme acceptation au sens de l&rsquo;art. 1341 du code civil.<br \/>\nLa soci\u00e9t\u00e9 se r\u00e9serve le droit de modifier \u00e0 tout moment les pr\u00e9sentes conditions g\u00e9n\u00e9rales de vente en les indiquant sur le site.<br \/>\nToute responsabilit\u00e9 contractuelle ou extracontractuelle de la soci\u00e9t\u00e9 pour des dommages directs ou indirects aux personnes et \/ ou aux choses r\u00e9sultant de la non-acceptation, m\u00eame partielle, d&rsquo;une commande est exclue.<\/p>\n<h3>IV. M\u00e9thode d&rsquo;achat<\/h3>\n<p>Les produits sont achet\u00e9s via l&rsquo;acc\u00e8s au site et l&rsquo;enregistrement. Une description est disponible sur le site Web pour chacun des produits. Elle contient les principales caract\u00e9ristiques. Toutes les informations de support d&rsquo;achat sont con\u00e7ues comme un simple mat\u00e9riel d&rsquo;information g\u00e9n\u00e9rique.<\/p>\n<p>Il est entendu que l\u2019image accompagnant la description du produit peut ne pas \u00eatre totalement repr\u00e9sentative de ses caract\u00e9ristiques, mais diff\u00e9rer par sa couleur, sa taille et les accessoires fournis sur la figure.<br \/>\nLa bonne r\u00e9ception de la commande est confirm\u00e9e par le Vendeur au moyen d\u2019une r\u00e9ponse automatique par e-mail, envoy\u00e9e \u00e0 l\u2019adresse e-mail indiqu\u00e9e par le client au moment de l\u2019enregistrement. Ce message de confirmation contiendra un \u00ab\u00a0num\u00e9ro de commande\u00a0\u00bb, \u00e0 utiliser en cas de communication avec la soci\u00e9t\u00e9. Le message contiendra toutes les donn\u00e9es saisies par le client qui s\u2019engage \u00e0 en v\u00e9rifier l\u2019exactitude et \u00e0 communiquer promptement les corrections \u00e9ventuelles.<\/p>\n<p>En cas de non-acceptation de la commande, le vendeur garantit une communication rapide au client.<\/p>\n<h3>V. MODALITES DE PAIEMENT<\/h3>\n<p>Tous les prix sur le site doivent \u00eatre des prix de d\u00e9tail et, par cons\u00e9quent, TVA incluse.<br \/>\nLes prix peuvent changer sans pr\u00e9avis et le seul prix correct doit \u00eatre compris comme celui indiqu\u00e9 au moment de la confirmation de la commande.<br \/>\nSur certains produits, sous r\u00e9serve de promotions, le vendeur se r\u00e9serve le droit d&rsquo;accepter les commandes en r\u00e9duisant la quantit\u00e9, sur notification et acceptation par le client, \u00e0 d\u00e9faut de quoi la commande sera consid\u00e9r\u00e9e comme annul\u00e9e.<\/p>\n<p>Dans le cas d&rsquo;achat de biens avec le mode de paiement \u00ab\u00a0carte de cr\u00e9dit\u00a0\u00bb, ainsi que la conclusion de la transaction en ligne, la banque de r\u00e9f\u00e9rence n&rsquo;autorise que l&rsquo;engagement du montant relatif \u00e0 l&rsquo;achat effectu\u00e9. Le montant relatif aux marchandises exp\u00e9di\u00e9es, m\u00eame partiellement, ne sera effectivement factur\u00e9 sur la carte de cr\u00e9dit du client qu&rsquo;\u00e0 la livraison du mat\u00e9riel command\u00e9 au service de messagerie.<\/p>\n<p>Pour plus d&rsquo;informations ou pour obtenir de l&rsquo;aide, veuillez nous contacter directement \u00e0 l&rsquo;adresse n. t\u00e9l\u00e9phone 010 6512810<\/p>\n<p>Les marchandises ne sont envoy\u00e9es qu&rsquo;apr\u00e8s acceptation de la commande et encaissement du cr\u00e9dit.<br \/>\nEn cas d&rsquo;annulation de la commande, soit par le client, soit en cas de non-acceptation du vendeur, l&rsquo;annulation sera effectu\u00e9e et le montant engag\u00e9 sera lib\u00e9r\u00e9 (le moment de la lib\u00e9ration d\u00e9pend exclusivement du syst\u00e8me bancaire. ). Une fois la transaction annul\u00e9e, le vendeur ne peut \u00eatre tenu pour responsable des dommages r\u00e9sultant de la lib\u00e9ration du montant engag\u00e9 par le syst\u00e8me bancaire.<\/p>\n<p>Le vendeur se r\u00e9serve le droit de demander au client des documents suppl\u00e9mentaires prouvant la propri\u00e9t\u00e9 de la carte de cr\u00e9dit. Si la documentation n&rsquo;est pas envoy\u00e9e, le vendeur se r\u00e9serve le droit de refuser la commande.<br \/>\nLa s\u00e9curit\u00e9 des transactions est garantie par un syst\u00e8me de cryptage des donn\u00e9es (SSL) et par des connexions directes, prot\u00e9g\u00e9es et certifi\u00e9es.<\/p>\n<h3>VI.RETOURS<\/h3>\n<p>Ais il Bagno se r\u00e9serve le droit d&rsquo;annuler une commande m\u00eame si elle est confirm\u00e9e par le syst\u00e8me et d\u00e9j\u00e0 pay\u00e9e par le client en cas d&rsquo;anomalie dans le calcul de l&rsquo;exp\u00e9dition (\u00e0 l&rsquo;\u00e9tranger), d&rsquo;erreur de prix \u00e9vidente ou de retard excessif dans l&rsquo;achat de mat\u00e9riel. d&rsquo;abord par les entreprises fournisseurs. Le client sera rembours\u00e9 du montant pay\u00e9 sans aucun frais suppl\u00e9mentaire.<\/p>\n<h3>VII. MODE DE LIVRAISON<\/h3>\n<p>Pour chaque commande pass\u00e9e, le vendeur \u00e9tablit un document de vente du mat\u00e9riel exp\u00e9di\u00e9. Pour l\u2019\u00e9mission de la facture, les informations fournies par le client au moment de la commande sont contraignantes. Le client peut demander une copie de la facture ou du re\u00e7u dans les trois mois suivant l\u2019\u00e9mission.<\/p>\n<p>Les frais de livraison sont \u00e0 la charge du client et sont indiqu\u00e9s lors de la commande.<br \/>\nAucune responsabilit\u00e9 ne peut \u00eatre attribu\u00e9e au vendeur en cas de retard dans la commande ou la livraison de la commande. A la livraison, le client est tenu de v\u00e9rifier:<br \/>\n&#8211; que l&#8217;emballage est intact, qu&rsquo;il ne soit ni endommag\u00e9 ni humide ou autrement alt\u00e9r\u00e9;<br \/>\n&#8211; que le nombre de colis corresponde \u00e0 ce qui est indiqu\u00e9 dans le document de transport.<\/p>\n<p>Tout dommage au produit ou \u00e0 l&#8217;emballage ou l&rsquo;inad\u00e9quation des informations doit \u00eatre imm\u00e9diatement signal\u00e9 au service de messagerie avec une r\u00e9serve \u00e9crite, sur la preuve de livraison du service de messagerie. Une fois que le document du service de messagerie a \u00e9t\u00e9 sign\u00e9, le client ne pourra faire aucune objection aux caract\u00e9ristiques externes de ce qui a \u00e9t\u00e9 livr\u00e9.<\/p>\n<p>Nous pr\u00e9cisons qu\u2019une fois les marchandises accept\u00e9es sans aucune r\u00e9serve, nous ne pourrons en aucun cas rembourser les dommages caus\u00e9s aux articles. En acceptant les marchandises sans aucune r\u00e9serve, nous d\u00e9clarons que les articles livr\u00e9s par le service de messagerie sont intacts et qu\u2019il n\u2019est donc pas possible de prouver ult\u00e9rieurement que le dommage est imputable au transport.<\/p>\n<p>En acceptant les marchandises sans r\u00e9serve, les responsabilit\u00e9s du vendeur et du courrier sont perdues.<\/p>\n<p>Ceci ne concerne que les dommages imputables au transport, nous r\u00e9pondrons \u00e0 tous les probl\u00e8mes li\u00e9s aux d\u00e9fauts de fabrication et aux dysfonctionnements non li\u00e9s \u00e0 une utilisation ou une installation incorrecte de l&rsquo;article.<\/p>\n<p>Tout probl\u00e8me concernant l&rsquo;int\u00e9grit\u00e9 physique, la correspondance ou l&rsquo;exhaustivit\u00e9 des produits re\u00e7us doit \u00eatre signal\u00e9 dans les 7 jours calendaires suivant la livraison, conform\u00e9ment aux proc\u00e9dures d\u00e9crites dans le pr\u00e9sent document. La livraison de la commande est destin\u00e9e au niveau de la rue, sauf indication contraire de notre service client\u00e8le.<\/p>\n<p>En cas de non-collecte dans les 5 jours ouvrables suivant l&rsquo;exp\u00e9dition du mat\u00e9riel dans les entrep\u00f4ts du courrier en raison de l&rsquo;impossibilit\u00e9 r\u00e9p\u00e9t\u00e9e de livrer \u00e0 l&rsquo;adresse indiqu\u00e9e par le client au moment de la commande, celle-ci sera annul\u00e9e.<\/p>\n<h3>RETRAIT ET GARANTIE L\u00c9GALE<\/h3>\n<p>Le client peut faire usage du droit de r\u00e9tractation ou s&rsquo;il y a une erreur dans le produit, le mat\u00e9riel doit \u00eatre renvoy\u00e9 dans son emballage d&rsquo;origine, avec tous les accessoires et modes d&#8217;emploi. Nous n&rsquo;acceptons pas les marchandises dans un emballage qui n&rsquo;est ni original ni improvis\u00e9.<\/p>\n<p>Voir d\u00e9tails \u00ab\u00a0Droit de r\u00e9tractation\u00a0\u00bb<\/p>\n<p>Voir les d\u00e9tails \u00ab\u00a0Garantie l\u00e9gale\u00a0\u00bb<\/p>\n<h3>DROIT APPLICABLE<\/h3>\n<p>Le contrat de vente entre le client et le vendeur est conclu en Italie et r\u00e9gi par la loi italienne. Pour les mati\u00e8res non \u00e9tablies, la loi italienne est applicable.<br \/>\nPour la r\u00e9solution des litiges civils et p\u00e9naux d\u00e9coulant de la conclusion du pr\u00e9sent contrat de vente \u00e0 distance, si le client est un consommateur, il s\u2019agit d\u2019une personne physique qui ach\u00e8te le bien \u00e0 des fins non li\u00e9es \u00e0 son activit\u00e9 professionnelle ou ne fait pas l\u2019achat en indiquant: dans l&rsquo;ordre une r\u00e9f\u00e9rence de num\u00e9ro de TVA, la comp\u00e9tence territoriale est celle de la juridiction de renvoi de sa commune de r\u00e9sidence; dans tous les autres cas, la comp\u00e9tence territoriale est exclusivement celle du tribunal du si\u00e8ge du vendeur<\/p>\n<h3>INFORMATIONS SUR LE TRAITEMENT DE DONN\u00c9ES PERSONNELLES:<\/h3>\n<p>Voir notre page de confidentialit\u00e9 https:\/\/www.aisilbagno.it\/privacy\/<\/p>\n<\/div><\/section><\/div>\n","protected":false},"excerpt":{"rendered":"","protected":false},"author":1,"featured_media":0,"parent":0,"menu_order":0,"comment_status":"closed","ping_status":"closed","template":"","meta":[],"_links":{"self":[{"href":"https:\/\/www.aisilbagno.it\/fr\/wp-json\/wp\/v2\/pages\/10928"}],"collection":[{"href":"https:\/\/www.aisilbagno.it\/fr\/wp-json\/wp\/v2\/pages"}],"about":[{"href":"https:\/\/www.aisilbagno.it\/fr\/wp-json\/wp\/v2\/types\/page"}],"author":[{"embeddable":true,"href":"https:\/\/www.aisilbagno.it\/fr\/wp-json\/wp\/v2\/users\/1"}],"replies":[{"embeddable":true,"href":"https:\/\/www.aisilbagno.it\/fr\/wp-json\/wp\/v2\/comments?post=10928"}],"version-history":[{"count":3,"href":"https:\/\/www.aisilbagno.it\/fr\/wp-json\/wp\/v2\/pages\/10928\/revisions"}],"predecessor-version":[{"id":10931,"href":"https:\/\/www.aisilbagno.it\/fr\/wp-json\/wp\/v2\/pages\/10928\/revisions\/10931"}],"wp:attachment":[{"href":"https:\/\/www.aisilbagno.it\/fr\/wp-json\/wp\/v2\/media?parent=10928"}],"curies":[{"name":"wp","href":"https:\/\/api.w.org\/{rel}","templated":true}]}}