{"id":10920,"date":"2019-04-04T11:34:51","date_gmt":"2019-04-04T09:34:51","guid":{"rendered":"https:\/\/www.aisilbagno.it\/?page_id=10920"},"modified":"2019-04-04T11:34:51","modified_gmt":"2019-04-04T09:34:51","slug":"faq","status":"publish","type":"page","link":"https:\/\/www.aisilbagno.it\/fr\/faq\/","title":{"rendered":"FAQ"},"content":{"rendered":"<section class=\"av_textblock_section \"  itemscope=\"itemscope\" itemtype=\"https:\/\/schema.org\/CreativeWork\" ><div class='avia_textblock  '   itemprop=\"text\" ><h2>FAQ<\/h2>\n<h3>LIVRAISONS:<\/h3>\n<p>Sur tous les articles sont indiqu\u00e9s les frais d&rsquo;exp\u00e9dition, o\u00f9 non indiqu\u00e9s sont gratuits.<br \/>\nLes envois sont faits avec:<\/p>\n<p>GLS: avec livraison entre 24h et 72h \u00e0 compter de la date d&rsquo;exp\u00e9dition en fonction de la localisation, toutes les marchandises sont assur\u00e9es; le courrier effectue deux \u00e9tapes en cas d&rsquo;absence de l&rsquo;acheteur, le retour est \u00e0 la charge de l&rsquo;acheteur, frais de stockage compris.<br \/>\nFERCAM: pour les colis les plus volumineux, baignoires et bo\u00eetes \u00e0 remous, envoi avec r\u00e9servation t\u00e9l\u00e9phonique comprise dans les frais;<br \/>\nATTENTION les frais d&rsquo;envoi dans les annonces ne sont pas valables pour les EMPLACEMENTS DISAGG\u00c9S (nous vous contacterons pour vous indiquer un co\u00fbt de transport) et pour les \u00eeles (il appara\u00eet automatiquement avant paiement)<\/p>\n<h3>COMMENT FAIRE LA LIVRAISON:<\/h3>\n<p>Avant de signer le document de transport, v\u00e9rifiez:<\/p>\n<ul>\n<li>le nombre de colis<\/li>\n<li>int\u00e9grit\u00e9 du colis (si non complet signe avec r\u00e9servation et motivation)<\/li>\n<\/ul>\n<p>ATTENTION 5 jours apr\u00e8s la r\u00e9ception de la marchandise, les rapports d\u2019anomalies li\u00e9es au transport ou au contenu de la livraison ne peuvent \u00eatre accept\u00e9s.<\/p>\n<h3>RETOURS<\/h3>\n<p>Le client peut exercer le droit de r\u00e9tractation dans un d\u00e9lai maximum de 10 jours \u00e0 compter de la r\u00e9ception de la marchandise, les frais de transport et la marchandise \u00e9tant \u00e0 risque et aux frais de l&rsquo;acheteur.<br \/>\nLe mat\u00e9riel doit \u00eatre dans son emballage d&rsquo;origine et non endommag\u00e9 avec toutes les pi\u00e8ces non alt\u00e9r\u00e9es \u00e0 l&rsquo;int\u00e9rieur de l&#8217;emballage. La soci\u00e9t\u00e9 Ais Il Bagno se r\u00e9serve le droit d&rsquo;inspecter les marchandises et d&rsquo;en cr\u00e9diter le montant, les frais de transport et les anomalies \u00e9ventuelles.<\/p>\n<h3>RETENUES D&rsquo;IMP\u00d4T ET BONUS<\/h3>\n<p>TVA 4%:<br \/>\nHANDICAP\u00c9S:<br \/>\ndocuments \u00e0 envoyer:<br \/>\nremplissez ce formulaire et envoyez votre identifiant et code fiscal \u00e0 info@aisilbagno.it<\/p>\n<h3>MAISON EN CONSTRUCTION:<\/h3>\n<p>documents \u00e0 envoyer:<br \/>\nremplissez ce formulaire et envoyez-nous le code d&rsquo;identification, le code fiscal et d&rsquo;achat pr\u00e9alable ou la documentation d&rsquo;achat pour la maison en construction<br \/>\n10% de TVA:<br \/>\nremplissez ce formulaire et envoyez votre identifiant et code fiscal \u00e0 info@aisilbagno.it<br \/>\nAu moment de l&rsquo;achat, une fois que vous avez entr\u00e9 tous les produits dans le panier, vous pouvez passer \u00e0 la commande. Sur la page o\u00f9 le mode de paiement est demand\u00e9, entrez les codes de r\u00e9duction de coupon suivants: IVA4 et IVA10. Les marchandises ne seront envoy\u00e9es qu&rsquo;apr\u00e8s r\u00e9ception de tous les documents appropri\u00e9s.<\/p>\n<h3>MODES DE PAIEMENT<\/h3>\n<p>PAY PAL<br \/>\nCARTES DE CR\u00c9DIT ET POSTPAY<br \/>\nMARQUEZ UNIQUEMENT dans les articles o\u00f9 indiqu\u00e9<br \/>\nVIREMENT BANCAIRE \u00c0 L&rsquo;AVANCE obligatoire en d\u00e9duction fiscale<\/p>\n<h3><\/h3>\n<\/div><\/section>\n","protected":false},"excerpt":{"rendered":"","protected":false},"author":1,"featured_media":0,"parent":0,"menu_order":0,"comment_status":"closed","ping_status":"closed","template":"","meta":[],"_links":{"self":[{"href":"https:\/\/www.aisilbagno.it\/fr\/wp-json\/wp\/v2\/pages\/10920"}],"collection":[{"href":"https:\/\/www.aisilbagno.it\/fr\/wp-json\/wp\/v2\/pages"}],"about":[{"href":"https:\/\/www.aisilbagno.it\/fr\/wp-json\/wp\/v2\/types\/page"}],"author":[{"embeddable":true,"href":"https:\/\/www.aisilbagno.it\/fr\/wp-json\/wp\/v2\/users\/1"}],"replies":[{"embeddable":true,"href":"https:\/\/www.aisilbagno.it\/fr\/wp-json\/wp\/v2\/comments?post=10920"}],"version-history":[{"count":3,"href":"https:\/\/www.aisilbagno.it\/fr\/wp-json\/wp\/v2\/pages\/10920\/revisions"}],"predecessor-version":[{"id":10923,"href":"https:\/\/www.aisilbagno.it\/fr\/wp-json\/wp\/v2\/pages\/10920\/revisions\/10923"}],"wp:attachment":[{"href":"https:\/\/www.aisilbagno.it\/fr\/wp-json\/wp\/v2\/media?parent=10920"}],"curies":[{"name":"wp","href":"https:\/\/api.w.org\/{rel}","templated":true}]}}