{"id":12310,"date":"2015-04-21T08:00:12","date_gmt":"2015-04-21T08:00:12","guid":{"rendered":"https:\/\/www.aisilbagno.it\/costi-e-tempi-di-spedizione\/"},"modified":"2021-05-25T11:49:08","modified_gmt":"2021-05-25T09:49:08","slug":"envios","status":"publish","type":"page","link":"https:\/\/www.aisilbagno.it\/es\/envios\/","title":{"rendered":"ENV\u00cdOS"},"content":{"rendered":"<section class=\"av_textblock_section \"  itemscope=\"itemscope\" itemtype=\"https:\/\/schema.org\/CreativeWork\" ><div class='avia_textblock  '   itemprop=\"text\" ><h2>ENV\u00cdO<\/h2>\n<h3>ENV\u00cdOS:<\/h3>\n<p style=\"text-align: justify;\">Los gastos de env\u00edo se indican en todos los art\u00edculos en los que no se indican son gratuitos.<br \/>\nLos env\u00edos se realizan con:<\/p>\n<ul>\n<li style=\"text-align: justify;\"><strong>GLS:<\/strong> con entrega entre 24h y 72h desde el momento del env\u00edo dependiendo de la ubicaci\u00f3n, <strong>toda la mercanc\u00eda est\u00e1 asegurada<\/strong>; El mensajero realiza dos tr\u00e1mites en ausencia del comprador, la devoluci\u00f3n corre a cargo del comprador incluidos los gastos de almacenaje.<\/li>\n<li style=\"text-align: justify;\"><strong>FERCAM:<\/strong> contenedores de env\u00edo y cajas de hidromasaje para los paquetes m\u00e1s voluminosos<\/li>\n<\/ul>\n<ul>\n<li style=\"text-align: justify;\"><strong>ATENCI\u00d3N<\/strong> los gastos de env\u00edo en los anuncios no son v\u00e1lidos para <strong>UBICACIONES MALESTAS<\/strong> (nos pondremos en contacto contigo para darte un coste de transporte, para ver la lista haz clic en la palabra <strong>UBICACIONES MALESTADAS EN AZUL<\/strong>) y para las Islas, Calabria y Puglia (15 \u20ac Aparece autom\u00e1ticamente, 00) excepto ISLA ELBA (15,00 \u20ac y a convenir para paquetes voluminosos), Laguna de Venecia a solicitar.<strong><br \/>\n<\/strong><\/li>\n<\/ul>\n<ul>\n<li style=\"text-align: justify;\">EL TRANSPORTE SE REALIZA SIN TABLERO HIDR\u00c1ULICO EL MATERIAL PUEDE DESCARGARSE EN<br \/>\nDE MANO, CUALQUIER TIPO DE SOLICITUD QUE NO SEA EL TRANSPORTE EST\u00c1NDAR ES UN<br \/>\nPAGO.<\/li>\n<li style=\"text-align: justify;\"><strong>EL TRANSPORTE CON TABLERO HIDR\u00c1ULICO ES UN PAGO DE 40,00 \u20ac ADEM\u00c1S DEL COSTE DE TRANSPORTE<\/strong><\/li>\n<li style=\"text-align: justify;\">SI SOLICITA UN SERVICIO NO ACORDADO CON EL TRANSPORTISTA<br \/>\nPRIMERO CON NOSOTROS SE COBRAR\u00c1N LOS GASTOS DE STOCK<\/li>\n<li style=\"text-align: justify;\">EL TRANSPORTE ES POR RESERVA TELEF\u00d3NICA, SI EL CLIENTE NO LO HACE<br \/>\nSOMETE A LA CITA, TENDR\u00c1S QUE PAGAR STOCK Y DEVOLVER GASTOS<\/li>\n<li style=\"text-align: justify;\">NO PIDA TRANSPORTAR LAS MERCANC\u00cdAS EN CUALQUIER RUTA DIFERENTE A ESAS<br \/>\nEMPIEZA, EN ESTE CASO TENDR\u00c1S QUE PAGAR LAS ACCIONES<\/li>\n<li style=\"text-align: justify;\">LA ENTREGA SE REALIZA EN CALLE, NO EN BODEGA, EN BOX &#8230;.<\/li>\n<li style=\"text-align: justify;\">AL DESCARGAR FIRMAR CON RESERVA SOLO SI HAY UN MOTIVO QUE DEBE SER ESCRITO<br \/>\n(EJEMPLO FIRMA CON RESERVA PORQUE EL PAQUETE TIENE TIROS &#8230;&#8230;.)<br \/>\nSIMPLEMENTE FIRMAR CON RESERVA NO UTILIZA NADA<\/li>\n<\/ul>\n<h3>C\u00d3MO COMPORTARSE EN LA ENTREGA:<\/h3>\n<p style=\"text-align: justify;\"><strong>Antes de firmar el documento de transporte, verifique:<\/strong><\/p>\n<ul style=\"text-align: justify;\">\n<li>la cantidad de paquetes<\/li>\n<li>integridad del paquete (si no est\u00e1 intacto, firme con reserva y motivaci\u00f3n)<\/li>\n<li><strong>Por su seguridad, le recomendamos que coloque la nota \u00abReserva de control\u00bb si el embalaje no est\u00e1 perfectamente intacto, especificando el motivo<br \/>\n<\/strong><strong>EJEMPLOS DE RESERVA DE CONTROL:<\/strong><\/p>\n<ul>\n<li>CUELLO DA\u00d1ADO<\/li>\n<li>DEFORMADO<\/li>\n<li>ROPA SUCIA<\/li>\n<li>DESCONDICIONADO<\/li>\n<li>ANULADO<\/li>\n<li>MALTRADO<\/li>\n<li>NO CORREA<\/li>\n<li>NO FILMADO<\/li>\n<li>PREOCUPADO<\/li>\n<li>Directivas legales del transportista<\/li>\n<\/ul>\n<\/li>\n<li>Seg\u00fan lo dispuesto en el art\u00edculo 1698 del C\u00f3digo Civil, la recepci\u00f3n de mercanc\u00edas sin reservas y motivos exime al mensajero de las acciones lesivas seg\u00fan lo informado en el contrato salvo en el caso de dolo o negligencia grave del porteador que l\u00f3gicamente debe ser demostrado por el cliente.<br \/>\nEs importante recordar que si las reservas no est\u00e1n motivadas por un mal estado del embalaje es casi imposible acreditar la responsabilidad del transportista:<\/li>\n<li><strong>Da\u00f1os visibles desde el exterior y \/ o cantidades faltantes<\/strong>: para proteger su derecho a compensaci\u00f3n o sustituci\u00f3n de la mercanc\u00eda, debe colocar la nota <strong>\u00abReserva de control\u00bb<\/strong> e indicar el motivo como en los ejemplos citados anteriormente; Alternativamente, puede rechazar la aceptaci\u00f3n y recogida de mercanc\u00edas da\u00f1adas escribiendo el motivo en la hoja de ruta con bol\u00edgrafo.<\/li>\n<li><strong>Los Bienes retirados \u00fanicamente \u00abReserva de Control\u00bb no dan derecho a ser compensados y son in\u00fatiles<\/strong><\/li>\n<li>Por lo tanto, tenga mucho cuidado al recoger la mercanc\u00eda y firmar los documentos de transporte para evitar malentendidos desagradables en el servicio postventa.<\/li>\n<li>Para abrir un caso de Da\u00f1os, el cliente debe proporcionarnos fotos que se enviar\u00e1n a <a href=\"mailto:info@aisilbagno.it\">info@aisilbagno.it<\/a><\/li>\n<li>En el momento de la salida de la Mercanc\u00eda, junto con el seguimiento, se enviar\u00e1 un correo electr\u00f3nico explicando c\u00f3mo comportarse en la descarga.<\/li>\n<li>Para cualquier aclaraci\u00f3n o malentendido sobre c\u00f3mo recibir la mercanc\u00eda, cont\u00e1ctenos al 0106512810<\/li>\n<\/ul>\n<p style=\"text-align: justify;\">ATENCI\u00d3N transcurridos 8 d\u00edas desde la recepci\u00f3n de la mercanc\u00eda, no se aceptar\u00e1n informes de anomal\u00edas relacionadas con el transporte o el contenido del env\u00edo.<\/p>\n<h3>EL TIEMPO DE ENTREGA:<\/h3>\n<p style=\"text-align: justify;\">La mercanc\u00eda suele estar en stock. Para ba\u00f1eras, boxes de hidromasaje con saunas, suelos, columnas de hidromasaje, solicite los plazos de entrega a: <a href=\"mailto:info@aisilbagno.it\">info@aisilbagno.it<\/a> o cont\u00e1ctenos al 0106512810; en el caso de una compra donde los productos no est\u00e9n disponibles, nos comunicaremos con usted de inmediato.<\/p>\n<h3>REGRESO:<\/h3>\n<p style=\"text-align: justify;\">el cliente puede ejercer el derecho de desistimiento a m\u00e1s tardar 10 d\u00edas despu\u00e9s de la recepci\u00f3n de la mercanc\u00eda, los gastos de env\u00edo y la mercanc\u00eda viajan por cuenta y riesgo del comprador.<br \/>\nel material debe estar en su embalaje original e incluir todas las piezas no manipuladas dentro del paquete. La empresa Ais Il Bagno se reserva el derecho de comprobar la mercanc\u00eda y acreditar el importe, despu\u00e9s de deducir el transporte y cualquier anomal\u00eda.<\/p>\n<\/div><\/section>\n","protected":false},"excerpt":{"rendered":"","protected":false},"author":2,"featured_media":0,"parent":0,"menu_order":0,"comment_status":"closed","ping_status":"closed","template":"","meta":[],"_links":{"self":[{"href":"https:\/\/www.aisilbagno.it\/es\/wp-json\/wp\/v2\/pages\/12310"}],"collection":[{"href":"https:\/\/www.aisilbagno.it\/es\/wp-json\/wp\/v2\/pages"}],"about":[{"href":"https:\/\/www.aisilbagno.it\/es\/wp-json\/wp\/v2\/types\/page"}],"author":[{"embeddable":true,"href":"https:\/\/www.aisilbagno.it\/es\/wp-json\/wp\/v2\/users\/2"}],"replies":[{"embeddable":true,"href":"https:\/\/www.aisilbagno.it\/es\/wp-json\/wp\/v2\/comments?post=12310"}],"version-history":[{"count":3,"href":"https:\/\/www.aisilbagno.it\/es\/wp-json\/wp\/v2\/pages\/12310\/revisions"}],"predecessor-version":[{"id":12312,"href":"https:\/\/www.aisilbagno.it\/es\/wp-json\/wp\/v2\/pages\/12310\/revisions\/12312"}],"wp:attachment":[{"href":"https:\/\/www.aisilbagno.it\/es\/wp-json\/wp\/v2\/media?parent=12310"}],"curies":[{"name":"wp","href":"https:\/\/api.w.org\/{rel}","templated":true}]}}