{"id":11085,"date":"2019-04-10T11:48:06","date_gmt":"2019-04-10T09:48:06","guid":{"rendered":"https:\/\/www.aisilbagno.it\/?page_id=11085"},"modified":"2021-12-21T17:09:34","modified_gmt":"2021-12-21T16:09:34","slug":"devoluciones","status":"publish","type":"page","link":"https:\/\/www.aisilbagno.it\/es\/devoluciones\/","title":{"rendered":"DEVOLUCIONES"},"content":{"rendered":"<div class=\"flex_column av_one_full  flex_column_div first  avia-builder-el-0  avia-builder-el-no-sibling  \" ><section class=\"av_textblock_section \"  itemscope=\"itemscope\" itemtype=\"https:\/\/schema.org\/CreativeWork\" ><div class='avia_textblock  '   itemprop=\"text\" ><h2>DEVOLUCIONES<\/h2>\n<p>El cliente en l\u00ednea que act\u00faa como consumidor tiene el derecho de rescindir el contrato, seg\u00fan lo dispuesto en el art. 52. n. 206\/2005 (C\u00f3digo del Consumidor).<br \/>\nCabe se\u00f1alar que este derecho est\u00e1 reservado \u00fanicamente a las personas f\u00edsicas, es decir, a aquellos consumidores privados que act\u00faan con fines ajenos a su profesi\u00f3n. No hay derecho de retiro para las personas f\u00edsicas y jur\u00eddicas que, en relaci\u00f3n con el contrato de compra, act\u00faen en un contexto profesional.<\/p>\n<p>De conformidad con y dentro de los l\u00edmites del art. 52 del C\u00f3digo del Consumidor, el consumidor tiene el derecho, dentro de los 14 d\u00edas siguientes a la recepci\u00f3n de los productos comprados, a ejercer el derecho de desistimiento, que consiste en la posibilidad de devolver los productos recibidos y obtener un reembolso del precio pagado, sin penalizaci\u00f3n y sin la necesidad de Especifique la raz\u00f3n.<\/p>\n<p>Este derecho se aplica a todos los productos comprados en l\u00ednea en este sitio, con la exclusi\u00f3n de los productos electr\u00f3nicos entregados sellados y posteriormente abiertos por el cliente.<br \/>\nLos costes de devoluci\u00f3n del producto corren a cargo del consumidor.<\/p>\n<p>Procedimiento para ejercer el derecho de desistimiento.<br \/>\nPara ejercer el derecho de desistimiento es necesario enviar al vendedor, dentro de los 14 d\u00edas posteriores a la recepci\u00f3n del producto adquirido, una comunicaci\u00f3n en la que se exprese claramente la intenci\u00f3n de desistir del contrato de compra.<br \/>\nEsta comunicaci\u00f3n debe enviarse por correo electr\u00f3nico a <a href=\"mailto:info@aisilbagno.it\">info@aisilbagno.it<\/a> o por correo postal a la siguiente direcci\u00f3n:<\/p>\n<p>AIS IL BAGNO snc<br \/>\nVIA Bellini Vincenzo, 17\/19 \/ R<br \/>\n16152, G\u00e9nova (GE)<\/p>\n<p>Para cumplir con el plazo de 14 d\u00edas mencionado anteriormente, es suficiente que el cliente env\u00ede la comunicaci\u00f3n relativa al ejercicio del derecho de desistimiento antes de que expire el per\u00edodo de desistimiento.<br \/>\nComo alternativa a la comunicaci\u00f3n mencionada anteriormente, para ejercer el derecho de desistimiento, el cliente puede utilizar el formulario est\u00e1ndar adjunto a estas condiciones generales y de acuerdo con lo dispuesto por el Decreto Legislativo n. 206\/2005. Este formulario se puede enviar por correo electr\u00f3nico a <a href=\"mailto:info@aisilbagno.it\">info@aisilbagno.it<\/a> o por correo postal al Vendedor a la direcci\u00f3n que figura arriba.<\/p>\n<p><b>DERECHO DE RETIRO POR \u00abREPENSACI\u00d3N\u00bb<\/b><\/p>\n<p>El derecho de desistimiento para reconsideraci\u00f3n es posible dentro de <strong>un per\u00edodo de 14 d\u00edas a partir de la recepci\u00f3n. Es posible ejercer el derecho de desistimiento sin tener que proporcionar justificaciones especiales<\/strong> y solicitar la devoluci\u00f3n del importe pagado por la compra, adem\u00e1s de los gastos de env\u00edo. Los gastos de devoluci\u00f3n se cargan al cliente. Ais il Bagno se reserva el derecho de verificar que el producto devuelto est\u00e9 intacto, con el sello original y no debe haberse manejado de manera que reduzca el valor original. Ais il Bagno reembolsar\u00e1 la compra en un plazo de 14 d\u00edas calendario a partir del d\u00eda en que recibi\u00f3 el art\u00edculo devuelto, utilizando el mismo m\u00e9todo de pago que el comprador. Ais il Bagno no ser\u00e1 responsable de los art\u00edculos enviados a nuestra oficina sin ning\u00fan tipo de seguimiento. Ais il Bagno no aceptar\u00e1 devoluciones de art\u00edculos personalizados (Art. 59.1 C) para las necesidades espec\u00edficas de los clientes, como cabinas de ducha y cabinas de ducha. Cualquier medida t\u00e9cnica debe ser verificada por el cliente antes de firmar el pedido.<\/p>\n<h3>EFECTOS DEL REEMBOLSO<\/h3>\n<p>a) Reembolso al cliente<br \/>\nEn caso de retiro del cliente, el Vendedor reembolsar\u00e1 todos los pagos recibidos del cliente, incluidos los costos de env\u00edo, a m\u00e1s tardar 14 (catorce) d\u00edas a partir de la recepci\u00f3n del aviso de retiro, utilizando el mismo medio de pago utilizado por el cliente para La transacci\u00f3n inicial, a menos que el cliente haya aceptado recibir el reembolso de diferentes maneras. En cualquier caso, el usuario no incurrir\u00e1 en ning\u00fan cargo como resultado de dicho reembolso.<\/p>\n<p>b) Devoluci\u00f3n de bienes comprados.<br \/>\nUna vez ejercido el derecho de desistimiento, el cliente debe proporcionar, a su propio cargo, devolver los productos comprados que deben recibirse debidamente protegidos o empaquetados en el embalaje original, acompa\u00f1ados de todos los accesorios, incluidos los manuales de instrucciones. No se aceptan devoluciones. En envases no originales, piezas faltantes o en envases improvisados.<\/p>\n<p>El cliente debe enviar los productos a devolver dentro de los 14 (catorce) d\u00edas a partir de la fecha en que el cliente comunic\u00f3 al Vendedor su decisi\u00f3n de retirarse del contrato, en la ubicaci\u00f3n del vendedor en:<\/p>\n<p>AIS IL BAGNO snc<br \/>\nVIA Bellini Vincenzo, 17\/19 \/ R<br \/>\n16152, G\u00e9nova (GE)<\/p>\n<p>El plazo de 14 d\u00edas mencionado anteriormente se respeta si el cliente devuelve las mercanc\u00edas antes del vencimiento del mismo per\u00edodo de 14 d\u00edas.<br \/>\nEn caso de retiro, de acuerdo con este art\u00edculo, el cliente debe pagar los costos directos de devoluci\u00f3n de la mercanc\u00eda.<br \/>\nEl Cliente solo es responsable de la disminuci\u00f3n en el valor de los bienes comprados como resultado de su manejo que no sea el necesario para establecer la naturaleza, las caracter\u00edsticas y el funcionamiento de los mismos. Por lo tanto, los productos no deben haber sido da\u00f1ados o alterados.<\/p>\n<p>Anexo &#8211; Formulario est\u00e1ndar para ejercer el derecho de desistimiento, de conformidad con el art. 49, p\u00e1rrafo 1, lett.h del Decreto Legislativo 206\/2005 (C\u00f3digo del Consumidor)<br \/>\nDestinatario: Vendedor______________, oficina central______________________, tel\u00e9fono __________________,<br \/>\nfax __________________, correo electr\u00f3nico _______________<br \/>\nPor la presente (*) le notificamos el retiro de mi \/ nuestro (*) contrato de venta<br \/>\nde los siguientes bienes \/ servicios (*) _____________<br \/>\nOrdenado en _____________________<br \/>\nNombre del consumidor: __________________<br \/>\nDirecci\u00f3n del consumidor _______________<\/p>\n<p>Firma del consumidor:<br \/>\n______________<\/p>\n<p>Fecha _______________<\/p>\n<p>(*) Eliminar la redacci\u00f3n in\u00fatil.<\/p>\n<h3>NOTAS IMPORTANTES<\/h3>\n<p style=\"text-align: justify;\">Los costos de transporte y la responsabilidad de las mercanc\u00edas durante el env\u00edo, seg\u00fan lo previsto por la ley, se cargan al consumidor.<br \/>\nPor lo tanto, es aconsejable asegurar el producto con el servicio de mensajer\u00eda seleccionado, cuidando de empacar cuidadosamente los productos, donde sea posible insertando el embalaje original en una caja externa y, en cualquier caso, evitando da\u00f1ar el producto con cintas adhesivas, etiquetas, etc. El producto debe devolverse intacto y completo con todas sus piezas y accesorios, incluidas todas las garant\u00edas, instrucciones, licencias de usuario, cables, etc. En caso de que ocurriera un da\u00f1o en el transporte durante la devoluci\u00f3n, el Vendedor comunicar\u00e1 el da\u00f1o al consumidor dentro de los cinco d\u00edas h\u00e1biles a partir de la recepci\u00f3n del producto, lo que permitir\u00e1 al consumidor presentar una queja ante el transportista utilizado para el transporte. Los bienes da\u00f1ados estar\u00e1n disponibles para su devoluci\u00f3n y la solicitud de retiro se cancelar\u00e1 al mismo tiempo.<br \/>\nExcepto como se describe a continuaci\u00f3n para el caso de retiro parcial<\/p>\n<h2 class=\"page-subheading\">LEY DE CANCELACION<\/h2>\n<p class=\"bottom-indent\">Ais il Bagno se reserva el derecho de cancelar un pedido incluso si est\u00e1 confirmado por el sistema y ya pagado por el cliente si se producen anomal\u00edas en el c\u00e1lculo del env\u00edo o si existen errores de precio obvios o se reembolsar\u00e1 al cliente el importe pagado sin ning\u00fan cargo adicional.<\/p>\n<h3>SOLICITUD DE CANCELACI\u00d3N DE LA ORDEN<\/h3>\n<p>La orden de compra puede cancelarse en su totalidad si, en el momento de la solicitud de cancelaci\u00f3n, el env\u00edo del producto todav\u00eda se est\u00e1 preparando y, en cualquier caso, si a\u00fan no se ha cobrado el monto; En este caso, no se le cobrar\u00e1 ning\u00fan costo al cliente.<\/p>\n<p>Si en el momento de la solicitud de cancelaci\u00f3n de la orden de compra, el producto ya se ha confiado al servicio de mensajer\u00eda o, en cualquier caso, se ha cobrado el importe, el consumidor debe ejercer el derecho de desistimiento y devolver la mercanc\u00eda al Vendedor.<\/p>\n<p>Para ello, es necesario seguir los procedimientos indicados anteriormente para ejercer el derecho de desistimiento.<br \/>\nPara m\u00e1s informaci\u00f3n puede escribirnos haciendo clic abajo: Cont\u00e1ctenos<\/p>\n<p><a title=\"Info &amp; Contatti\" href=\"http:\/\/www.aisilbagno.it\/info-contatti\/\">Contattaci<\/a><\/p>\n<div class=\"rte\">\n<h2 class=\"page-subheading\">M\u00c9TODO DE USO<\/h2>\n<p class=\"bottom-indent\">Ais il Bagno declina toda responsabilidad en caso de uso incorrecto de los productos o instalaci\u00f3n incorrecta. Ais il Bagno no se responsabiliza de los da\u00f1os, directos o indirectos, que sufra el Cliente por el uso incorrecto o incorrecto del producto, la instalaci\u00f3n incorrecta, la negligencia, el uso del producto en entornos inadecuados debido al exceso de Humedad, calentamiento excesivo u otros agentes atmosf\u00e9ricos.<\/p>\n<\/div>\n<\/div><\/section><\/div>\n","protected":false},"excerpt":{"rendered":"","protected":false},"author":2,"featured_media":0,"parent":0,"menu_order":0,"comment_status":"closed","ping_status":"closed","template":"","meta":[],"_links":{"self":[{"href":"https:\/\/www.aisilbagno.it\/es\/wp-json\/wp\/v2\/pages\/11085"}],"collection":[{"href":"https:\/\/www.aisilbagno.it\/es\/wp-json\/wp\/v2\/pages"}],"about":[{"href":"https:\/\/www.aisilbagno.it\/es\/wp-json\/wp\/v2\/types\/page"}],"author":[{"embeddable":true,"href":"https:\/\/www.aisilbagno.it\/es\/wp-json\/wp\/v2\/users\/2"}],"replies":[{"embeddable":true,"href":"https:\/\/www.aisilbagno.it\/es\/wp-json\/wp\/v2\/comments?post=11085"}],"version-history":[{"count":4,"href":"https:\/\/www.aisilbagno.it\/es\/wp-json\/wp\/v2\/pages\/11085\/revisions"}],"predecessor-version":[{"id":13517,"href":"https:\/\/www.aisilbagno.it\/es\/wp-json\/wp\/v2\/pages\/11085\/revisions\/13517"}],"wp:attachment":[{"href":"https:\/\/www.aisilbagno.it\/es\/wp-json\/wp\/v2\/media?parent=11085"}],"curies":[{"name":"wp","href":"https:\/\/api.w.org\/{rel}","templated":true}]}}