{"id":11077,"date":"2019-04-10T10:10:31","date_gmt":"2019-04-10T08:10:31","guid":{"rendered":"https:\/\/www.aisilbagno.it\/?page_id=11077"},"modified":"2019-04-10T10:10:31","modified_gmt":"2019-04-10T08:10:31","slug":"cookies","status":"publish","type":"page","link":"https:\/\/www.aisilbagno.it\/es\/cookies\/","title":{"rendered":"Cookies"},"content":{"rendered":"<div class=\"flex_column av_one_full  flex_column_div first  avia-builder-el-0  avia-builder-el-no-sibling  \" ><section class=\"av_textblock_section \"  itemscope=\"itemscope\" itemtype=\"https:\/\/schema.org\/CreativeWork\" ><div class='avia_textblock  '   itemprop=\"text\" ><h2>Cookies<\/h2>\n<p>Las cookies son peque\u00f1as cadenas de texto que los sitios visitados por el usuario env\u00edan a su terminal (generalmente el navegador), donde se almacenan antes de retransmitirse a los mismos sitios en la pr\u00f3xima visita del mismo usuario. Las cookies, que generalmente se encuentran en los navegadores de los usuarios en n\u00fameros muy grandes y, a veces, con caracter\u00edsticas de larga persistencia temporal, se utilizan para diferentes prop\u00f3sitos: autenticaci\u00f3n de computadora, monitoreo de sesi\u00f3n, almacenamiento de informaci\u00f3n en configuraciones espec\u00edficas con respecto a los usuarios que acceden al servidor, etc.<\/p>\n<p>Este sitio recopila cookies \u00abt\u00e9cnicas\u00bb, que son aquellas utilizadas con el \u00fanico prop\u00f3sito de \u00abtransmitir una comunicaci\u00f3n a trav\u00e9s de una red de comunicaciones electr\u00f3nicas, o seg\u00fan sea estrictamente necesario para el proveedor de un servicio de la sociedad de la informaci\u00f3n solicitado expl\u00edcitamente por el suscriptor. o por el usuario para proporcionar este servicio \u00ab(de conformidad con el art\u00edculo 122, p\u00e1rrafo 1 del C\u00f3digo de Privacidad). No se utilizan para otros fines y pueden ser:<\/p>\n<p>&#8211; cookies de navegaci\u00f3n o de sesi\u00f3n, que garantizan la navegaci\u00f3n normal y el uso del sitio web (lo que permite, por ejemplo, autenticarse para acceder a \u00e1reas restringidas);<\/p>\n<p>&#8211; cookies de an\u00e1lisis, similares a las cookies t\u00e9cnicas cuando las utiliza directamente el administrador del sitio para recopilar informaci\u00f3n, en forma agregada, sobre el n\u00famero de usuarios y c\u00f3mo visitan el sitio;<\/p>\n<p>&#8211; cookies de funcionalidad, que permiten al usuario navegar de acuerdo con una serie de criterios seleccionados (por ejemplo, el idioma) para mejorar el servicio prestado al mismo.<\/p>\n<p>Al visitar nuestro sitio, los sistemas inform\u00e1ticos utilizados para operarlos adquieren, durante su funcionamiento normal, algunos datos cuya transmisi\u00f3n es impl\u00edcita y necesaria para que Internet funcione. Esta informaci\u00f3n no se recopila para asociarse con individuos identificados, pero por su propia naturaleza podr\u00eda, a trav\u00e9s del procesamiento y la asociaci\u00f3n con datos en poder de terceros, permitir la identificaci\u00f3n de los usuarios. Esta categor\u00eda de datos incluye, por ejemplo, las direcciones IP o los nombres de dominio de las computadoras utilizadas por los usuarios que se conectan a los sitios, las direcciones URI (Identificador uniforme de recursos) de los recursos solicitados, el momento de la solicitud, el m\u00e9todo utilizado para enviar la solicitud al servidor, el tama\u00f1o del archivo obtenido en respuesta, el c\u00f3digo num\u00e9rico que indica el estado de la respuesta proporcionada por el servidor (\u00e9xito, error, etc.) y otros par\u00e1metros relacionados con el sistema operativo y el entorno de TI del usuario. Este sitio utiliza estos datos con el \u00fanico prop\u00f3sito de obtener informaci\u00f3n estad\u00edstica an\u00f3nima sobre el uso de los sitios y verificar su correcto funcionamiento. Los datos podr\u00edan utilizarse para determinar la responsabilidad en caso de delitos inform\u00e1ticos hipot\u00e9ticos.<\/p>\n<p>Este sitio no recopila las llamadas \u00abcookies de perfil\u00bb, es decir, aquellas destinadas a crear perfiles de usuario y se utilizan para enviar mensajes publicitarios en l\u00ednea con las preferencias mostradas por el usuario en el contexto de la navegaci\u00f3n web.<\/p>\n<p>Los datos adquiridos durante la navegaci\u00f3n pueden ser conocidos por compa\u00f1\u00edas de terceros que proporcionan servicios de soporte de TI y procesan los datos nombrados para este fin. Gerentes de procesamiento de datos. Los datos pueden ser conocidos y procesados ??dentro de nuestra empresa por el personal a cargo del procesamiento en los l\u00edmites en que esto es necesario para el desempe\u00f1o de sus funciones, realizando solo las operaciones necesarias para su ejecuci\u00f3n. En el caso de solicitud expresa y en las circunstancias autorizadas por la ley, los datos pueden ser comunicados a las Autoridades de Seguridad P\u00fablica y a las fuerzas policiales. No se difunden datos de navegaci\u00f3n de ninguna manera.<\/p>\n<p>\u00bfDesea denegar el consentimiento a la instalaci\u00f3n de cookies? La mayor\u00eda de los navegadores (Chrome, Firefox, Internet Explorer, Safari, etc.) est\u00e1n configurados para aceptar cookies autom\u00e1ticamente. Sin embargo, tiene la opci\u00f3n de configurar su navegador para que acepte todas las cookies, solo algunas, o rechazarlas, deshabilitando su uso por este u otros sitios. Tambi\u00e9n puede configurar las preferencias de su navegador para que se le notifique cada vez que se almacene una cookie en su computadora. Adem\u00e1s, al final de cada sesi\u00f3n de navegaci\u00f3n, puede eliminar las cookies recopiladas del disco duro de su dispositivo. Si desea eliminar las cookies instaladas en la carpeta de cookies del navegador, debe saber que cada navegador tiene diferentes procedimientos para administrar la configuraci\u00f3n.<\/p>\n<p>Para deshabilitar y administrar las cookies, acceda a la configuraci\u00f3n de su navegador (en la mayor\u00eda de los casos, haga clic en el elemento \u00abayuda\u00bb y encontrar\u00e1 instrucciones para deshabilitar las cookies o puede encontrarlas utilizando la funci\u00f3n \u00abbuscar\u00bb) y modif\u00edquelas seg\u00fan la tus necesidades Sin embargo, debe saber que negar el uso de cookies en t\u00e9rminos absolutos podr\u00eda impedirle utilizar los servicios de diferentes sitios, incluido este, y realizar compras, transacciones, registros y acceso en l\u00ednea.<\/p>\n<p>Si no desea recibir cookies de Google Analytics (la herramienta principal para analizar los flujos de acceso a los sitios web), acceda al \u00e1rea de herramientas de Google.<\/p>\n<\/div><\/section><\/div>\n","protected":false},"excerpt":{"rendered":"","protected":false},"author":2,"featured_media":0,"parent":0,"menu_order":0,"comment_status":"closed","ping_status":"closed","template":"","meta":[],"_links":{"self":[{"href":"https:\/\/www.aisilbagno.it\/es\/wp-json\/wp\/v2\/pages\/11077"}],"collection":[{"href":"https:\/\/www.aisilbagno.it\/es\/wp-json\/wp\/v2\/pages"}],"about":[{"href":"https:\/\/www.aisilbagno.it\/es\/wp-json\/wp\/v2\/types\/page"}],"author":[{"embeddable":true,"href":"https:\/\/www.aisilbagno.it\/es\/wp-json\/wp\/v2\/users\/2"}],"replies":[{"embeddable":true,"href":"https:\/\/www.aisilbagno.it\/es\/wp-json\/wp\/v2\/comments?post=11077"}],"version-history":[{"count":3,"href":"https:\/\/www.aisilbagno.it\/es\/wp-json\/wp\/v2\/pages\/11077\/revisions"}],"predecessor-version":[{"id":11080,"href":"https:\/\/www.aisilbagno.it\/es\/wp-json\/wp\/v2\/pages\/11077\/revisions\/11080"}],"wp:attachment":[{"href":"https:\/\/www.aisilbagno.it\/es\/wp-json\/wp\/v2\/media?parent=11077"}],"curies":[{"name":"wp","href":"https:\/\/api.w.org\/{rel}","templated":true}]}}