{"id":11069,"date":"2019-04-10T09:56:58","date_gmt":"2019-04-10T07:56:58","guid":{"rendered":"https:\/\/www.aisilbagno.it\/?page_id=11069"},"modified":"2019-04-10T09:56:58","modified_gmt":"2019-04-10T07:56:58","slug":"garantia-legal","status":"publish","type":"page","link":"https:\/\/www.aisilbagno.it\/es\/garantia-legal\/","title":{"rendered":"GARANT\u00cdA LEGAL"},"content":{"rendered":"<section class=\"av_textblock_section \"  itemscope=\"itemscope\" itemtype=\"https:\/\/schema.org\/CreativeWork\" ><div class='avia_textblock  '   itemprop=\"text\" ><h2>GARANT\u00cdA LEGAL<\/h2>\n<p>Los productos comprados siempre van acompa\u00f1ados de una garant\u00eda legal que cubre defectos de producci\u00f3n y cumplimiento (por ejemplo, mal funcionamiento, aver\u00edas y roturas derivadas del uso normal, defectos de los productos) de los productos en s\u00ed mismos durante 24 meses a partir de la fecha de entrega del producto.<\/p>\n<p>Quienes compraron los productos como parte de su actividad comercial o profesional no pueden hacer valer la garant\u00eda legal, indicando su n\u00famero de IVA.<\/p>\n<p>La garant\u00eda legal da derecho a preguntar al vendedor:<\/p>\n<ul>\n<li style=\"text-align: justify;\">a elecci\u00f3n del consumidor, la reparaci\u00f3n o el reemplazo de los productos, sin cargo, siempre que la soluci\u00f3n solicitada no sea imposible o excesivamente onerosa en comparaci\u00f3n con la alternativa, considerando: la extensi\u00f3n del posible defecto, el valor del producto sin defecto y la posibilidad de que se pueda implementar la alternativa evitando inconvenientes significativos para el cliente;<\/li>\n<li style=\"text-align: justify;\">En el caso de que la reparaci\u00f3n o el reemplazo sea imposible, excesivamente oneroso o tard\u00edo o implique un inconveniente importante para el cliente y no resulte eficaz para resolver el problema, el cliente tiene derecho a solicitar una reducci\u00f3n de precio o la rescisi\u00f3n del contrato. Al determinar el monto de la reducci\u00f3n o la suma a devolver, se debe tener en cuenta el uso del activo. En cualquier caso, por defectos menores para los cuales no fue posible reparar o reemplazar el producto, el contrato no puede ser rescindido.<\/li>\n<\/ul>\n<p>El vendedor realiza la reparaci\u00f3n o el reemplazo del producto dentro de un per\u00edodo de tiempo m\u00e1ximo de 60 d\u00edas desde la entrega hasta el punto de venta, excluyendo el tiempo requerido para adquirir piezas de repuesto que no est\u00e1n disponibles de inmediato.<\/p>\n<p>Para hacer cumplir la garant\u00eda, el cliente debe por ley:<\/p>\n<ul>\n<li style=\"text-align: justify;\">guardar y mostrar el recibo de compra;<\/li>\n<li style=\"text-align: justify;\">denuncie el defecto a los dos meses de su descubrimiento;<\/li>\n<\/ul>\n<\/div><\/section>\n","protected":false},"excerpt":{"rendered":"","protected":false},"author":2,"featured_media":0,"parent":0,"menu_order":0,"comment_status":"closed","ping_status":"closed","template":"","meta":[],"_links":{"self":[{"href":"https:\/\/www.aisilbagno.it\/es\/wp-json\/wp\/v2\/pages\/11069"}],"collection":[{"href":"https:\/\/www.aisilbagno.it\/es\/wp-json\/wp\/v2\/pages"}],"about":[{"href":"https:\/\/www.aisilbagno.it\/es\/wp-json\/wp\/v2\/types\/page"}],"author":[{"embeddable":true,"href":"https:\/\/www.aisilbagno.it\/es\/wp-json\/wp\/v2\/users\/2"}],"replies":[{"embeddable":true,"href":"https:\/\/www.aisilbagno.it\/es\/wp-json\/wp\/v2\/comments?post=11069"}],"version-history":[{"count":3,"href":"https:\/\/www.aisilbagno.it\/es\/wp-json\/wp\/v2\/pages\/11069\/revisions"}],"predecessor-version":[{"id":11072,"href":"https:\/\/www.aisilbagno.it\/es\/wp-json\/wp\/v2\/pages\/11069\/revisions\/11072"}],"wp:attachment":[{"href":"https:\/\/www.aisilbagno.it\/es\/wp-json\/wp\/v2\/media?parent=11069"}],"curies":[{"name":"wp","href":"https:\/\/api.w.org\/{rel}","templated":true}]}}