{"id":11065,"date":"2019-04-10T09:45:20","date_gmt":"2019-04-10T07:45:20","guid":{"rendered":"https:\/\/www.aisilbagno.it\/?page_id=11065"},"modified":"2019-04-10T09:45:20","modified_gmt":"2019-04-10T07:45:20","slug":"condiciones-generales-de-venta","status":"publish","type":"page","link":"https:\/\/www.aisilbagno.it\/es\/condiciones-generales-de-venta\/","title":{"rendered":"CONDICIONES GENERALES DE VENTA"},"content":{"rendered":"<div class=\"flex_column av_one_full  flex_column_div first  avia-builder-el-0  el_before_av_textblock  avia-builder-el-first  \" ><section class=\"av_textblock_section \"  itemscope=\"itemscope\" itemtype=\"https:\/\/schema.org\/CreativeWork\" ><div class='avia_textblock  '   itemprop=\"text\" ><h2>CONDICIONES GENERALES DE VENTA<\/h2>\n<p style=\"text-align: justify;\">Estimado cliente,<br \/>\nLe informamos que las condiciones generales de venta, que se detallan a continuaci\u00f3n, indican, de conformidad con las normas vigentes para proteger al consumidor, las condiciones y los m\u00e9todos con los cuales proceder con la compra en l\u00ednea en el sitio web de AIS IL BAGNO snc, ahora llamado Vendedor. De los productos de su inter\u00e9s de forma segura, f\u00e1cil y conveniente. Por lo tanto, lo invitamos a leerlos y aceptarlos para proceder con la compra.<\/p>\n<h3><strong>I. ELIMINACION DE BIENES<br \/>\n<\/strong><\/h3>\n<p>La disponibilidad de los productos siempre est\u00e1 indicada, sin embargo, es informaci\u00f3n indicativa ya que no se actualizan en tiempo real.<\/p>\n<h3><strong>II. CONDICIONES DE ENTREGA<\/strong><\/h3>\n<p>Le tempistiche di consegna variano a seconda della disponibilit\u00e0 del materiale, che viene indicata al momento dell&#8217;acquisto. Se\u00a0l&#8217;articolo non \u00e8 presente in magazzino al momento dell&#8217;ordine, sar\u00e0 fatta una celere comunicazione al cliente, indicando la possibile data di consegna.<\/p>\n<h3>III. OBJETO<\/h3>\n<p style=\"text-align: justify;\">Estas condiciones generales de venta rigen la venta de productos comercializados por el Vendedor a usuarios consumidores y usuarios que act\u00faan con fines relacionados con la actividad comercial.<br \/>\nEstas condiciones generales son efectivas a partir de la fecha de aceptaci\u00f3n de las mismas por parte del cliente en el sitio, la cual es v\u00e1lida para todos los prop\u00f3sitos como aceptaci\u00f3n de conformidad con el art. 1341 del c\u00f3digo civil.<br \/>\nLa empresa se reserva el derecho de modificar estas condiciones generales de venta en cualquier momento inform\u00e1ndolas en el sitio.<br \/>\nSe excluye cualquier responsabilidad contractual o extracontractual de la empresa por da\u00f1os directos o indirectos a personas y \/ o cosas causados ??por la no aceptaci\u00f3n, incluso parcial, de un pedido.<\/p>\n<h3>IV. M\u00c9TODO DE COMPRA<\/h3>\n<p>Los productos se compran a trav\u00e9s del acceso al sitio y el registro. Para cada uno de los productos, una descripci\u00f3n est\u00e1 disponible en el sitio web que contiene las caracter\u00edsticas principales de los mismos. Toda la informaci\u00f3n de soporte de compra est\u00e1 pensada como un simple material de informaci\u00f3n gen\u00e9rico.<\/p>\n<p>Se entiende que la imagen que acompa\u00f1a a la descripci\u00f3n del producto puede no ser totalmente representativa de sus caracter\u00edsticas, pero puede diferir en el color, tama\u00f1o y productos accesorios que se muestran en la figura.<br \/>\nEl vendedor confirma la recepci\u00f3n correcta del pedido mediante una respuesta autom\u00e1tica por correo electr\u00f3nico, que se env\u00eda a la direcci\u00f3n de correo electr\u00f3nico comunicada por el cliente en el momento del registro. Este mensaje de confirmaci\u00f3n contendr\u00e1 un \u00abn\u00famero de pedido\u00bb, que se utilizar\u00e1 en caso de cualquier comunicaci\u00f3n con la empresa. El mensaje contendr\u00e1 todos los datos ingresados ??por el cliente que se compromete a verificar su correcci\u00f3n y comunicar r\u00e1pidamente cualquier correcci\u00f3n.<\/p>\n<p>En caso de no aceptaci\u00f3n del pedido, el vendedor garantiza una comunicaci\u00f3n oportuna al cliente.<\/p>\n<h3>V. M\u00c9TODOS DE PAGO<\/h3>\n<p>Todos los precios en el sitio deben entenderse como precios al por menor y, por lo tanto, incluyen el IVA.<br \/>\nLos precios pueden cambiar sin previo aviso y el \u00fanico precio correcto debe entenderse como el indicado en el momento de la confirmaci\u00f3n del pedido.<br \/>\nEn ciertos productos, sujeto a promociones de precios, el vendedor se reserva el derecho de aceptar pedidos al reducir la cantidad, previa notificaci\u00f3n y aceptaci\u00f3n por parte del cliente, en caso de que el pedido se considere cancelado.<\/p>\n<p>En el caso de la compra de bienes con el m\u00e9todo de pago de \u00abtarjeta de cr\u00e9dito\u00bb, junto con la conclusi\u00f3n de la transacci\u00f3n en l\u00ednea, el banco de referencia autorizar\u00e1 \u00fanicamente el compromiso del monto relacionado con la compra realizada. La cantidad relativa a los bienes enviados, incluso parcialmente, se cargar\u00e1 efectivamente a la tarjeta de cr\u00e9dito del cliente solo despu\u00e9s de la entrega del material solicitado al mensajero.<\/p>\n<p>Para obtener m\u00e1s informaci\u00f3n o recibir asistencia, cont\u00e1ctenos directamente al n. tel\u00e9fono 010 6512810<\/p>\n<p>Las mercanc\u00edas se env\u00edan solo despu\u00e9s de la aceptaci\u00f3n del pedido y la recepci\u00f3n del cr\u00e9dito.<br \/>\nEn caso de cancelaci\u00f3n del pedido, ya sea por el cliente o en caso de no aceptaci\u00f3n por parte del vendedor, la cancelaci\u00f3n se realizar\u00e1 y la cantidad comprometida se liberar\u00e1 (el momento de la liberaci\u00f3n depende exclusivamente del sistema bancario). ). Una vez que la transacci\u00f3n ha sido cancelada, el vendedor no puede ser responsable por los da\u00f1os que resulten de la liberaci\u00f3n de la cantidad comprometida por el sistema bancario.<\/p>\n<p>El vendedor se reserva el derecho de solicitar al cliente documentos complementarios que demuestren la propiedad de la tarjeta de cr\u00e9dito. Si no se env\u00eda la documentaci\u00f3n, el vendedor se reserva el derecho de no aceptar el pedido.<br \/>\nLa seguridad de la transacci\u00f3n est\u00e1 garantizada por un sistema de cifrado de datos (SSL) y por conexiones directas, protegidas y certificadas.<\/p>\n<h3>VI.M\u00c9TODO DE CANCELACION<\/h3>\n<p class=\"bottom-indent\">Ais il Bagno se reserva el derecho de cancelar un pedido incluso si est\u00e1 confirmado por el sistema y ya pagado por el cliente si se producen anomal\u00edas en el c\u00e1lculo del env\u00edo (en el extranjero) o si existen errores de precio evidentes o en el caso de un retraso excesivo en la adquisici\u00f3n de materiales Prime de las empresas proveedoras. Se reembolsar\u00e1 al cliente la cantidad pagada sin ning\u00fan cargo adicional.<\/p>\n<h3>VII. M\u00c9TODO DE ENTREGA<\/h3>\n<p>Para cada pedido realizado, el vendedor emite un documento de ventas del material enviado. Para la emisi\u00f3n de la factura, la informaci\u00f3n proporcionada por el cliente cuando el pedido es aut\u00e9ntico El cliente puede solicitar una copia de la factura o recibo dentro de los tres meses posteriores a la emisi\u00f3n.<\/p>\n<p>Los gastos de env\u00edo se cargan al cliente y se indican cuando se realiza el pedido.<br \/>\nNo se puede atribuir ninguna responsabilidad al vendedor en caso de retraso en el pedido o la entrega del pedido. En el momento de la entrega, el cliente debe comprobar:<br \/>\n&#8211; que el embalaje est\u00e9 intacto, no da\u00f1ado, ni mojado, o alterado de otro modo;<br \/>\n&#8211; que el n\u00famero de paquetes corresponde a lo indicado en el documento de transporte.<\/p>\n<p>Cualquier da\u00f1o al producto o al embalaje o la falta de coincidencia de la informaci\u00f3n se debe informar de inmediato al servicio de mensajer\u00eda haciendo una RESERVA POR VERIFICACI\u00d3N POR ESCRITO en el comprobante de entrega del servicio de mensajer\u00eda. Una vez que se haya firmado el documento de mensajer\u00eda, el cliente no podr\u00e1 objetar las caracter\u00edsticas externas de lo que se entreg\u00f3.<\/p>\n<p>Especificamos que una vez que los productos hayan sido aceptados sin ninguna reserva, no podremos reembolsarle de ninguna manera el da\u00f1o que hayan sufrido los art\u00edculos. Al aceptar los productos sin ninguna reserva, declaramos que los art\u00edculos que entregaron el servicio de mensajer\u00eda est\u00e1n intactos y, por lo tanto, no es posible demostrar posteriormente que el da\u00f1o es atribuible al transporte.<\/p>\n<p><strong>Al aceptar los productos sin reservas, se perder\u00e1n las responsabilidades tanto del vendedor como del correo.<\/strong><\/p>\n<p>Esto se aplica solo a da\u00f1os en el transporte, responderemos a todos los problemas relacionados con defectos de fabricaci\u00f3n y mal funcionamiento no relacionados con el uso o la instalaci\u00f3n incorrecta del art\u00edculo.<\/p>\n<p>Cualquier problema relacionado con la integridad f\u00edsica, la correspondencia o la integridad de los productos recibidos debe informarse dentro de los 7 d\u00edas calendario posteriores a la entrega, de acuerdo con los procedimientos establecidos en este documento. La entrega del pedido se realiza a nivel de calle a menos que nuestro servicio al cliente lo comunique.<\/p>\n<p>En caso de no recolecci\u00f3n dentro de los 5 d\u00edas h\u00e1biles del material almacenado en los almacenes de mensajer\u00eda debido a la incapacidad repetida de entregar a la direcci\u00f3n indicada por el cliente en el momento del pedido, el pedido ser\u00e1 cancelado.<\/p>\n<h3>RETIRO Y GARANT\u00cdA LEGAL<\/h3>\n<p>El cliente puede hacer uso del derecho de desistimiento o, si hay un error en el producto, el material debe devolverse en su embalaje original, con todos los accesorios y manuales de instrucciones. No aceptamos productos en envases que no sean originales e improvisados.<\/p>\n<p>Ver detalles \u00abDerecho de desistimiento\u00bb<\/p>\n<p>Ver detalles \u00abGarant\u00eda Legal\u00bb<\/p>\n<h3>LEY APLICABLE<\/h3>\n<p style=\"text-align: justify;\">El contrato de venta entre el cliente y el vendedor se celebra en Italia y est\u00e1 regulado por la legislaci\u00f3n italiana. Para materias no establecidas de otra manera, la ley italiana es aplicable.<br \/>\nPara la resoluci\u00f3n de disputas civiles y penales que surjan de la conclusi\u00f3n de este contrato de venta a distancia, si el cliente es un consumidor, es una persona f\u00edsica que compra los bienes para fines no relacionados con su actividad profesional, o no realiza la compra indicando en el orden de referencia del n\u00famero de IVA, la competencia territorial es la del tribunal de referencia de su municipio de residencia; en todos los dem\u00e1s casos, la jurisdicci\u00f3n territorial es exclusivamente la del tribunal del domicilio social del Vendedor.<\/p>\n<h3>INFORMACI\u00d3N SOBRE EL TRATAMIENTO DE DATOS PERSONALES:<\/h3>\n<p>Vedi nostra Pagina sulla Privacy https:\/\/www.aisilbagno.it\/privacy\/<\/p>\n<\/div><\/section><\/div><section class=\"av_textblock_section \"  itemscope=\"itemscope\" itemtype=\"https:\/\/schema.org\/CreativeWork\" ><div class='avia_textblock  '   itemprop=\"text\" ><\/div><\/section><\/p>\n","protected":false},"excerpt":{"rendered":"","protected":false},"author":2,"featured_media":0,"parent":0,"menu_order":0,"comment_status":"closed","ping_status":"closed","template":"","meta":[],"_links":{"self":[{"href":"https:\/\/www.aisilbagno.it\/es\/wp-json\/wp\/v2\/pages\/11065"}],"collection":[{"href":"https:\/\/www.aisilbagno.it\/es\/wp-json\/wp\/v2\/pages"}],"about":[{"href":"https:\/\/www.aisilbagno.it\/es\/wp-json\/wp\/v2\/types\/page"}],"author":[{"embeddable":true,"href":"https:\/\/www.aisilbagno.it\/es\/wp-json\/wp\/v2\/users\/2"}],"replies":[{"embeddable":true,"href":"https:\/\/www.aisilbagno.it\/es\/wp-json\/wp\/v2\/comments?post=11065"}],"version-history":[{"count":3,"href":"https:\/\/www.aisilbagno.it\/es\/wp-json\/wp\/v2\/pages\/11065\/revisions"}],"predecessor-version":[{"id":11068,"href":"https:\/\/www.aisilbagno.it\/es\/wp-json\/wp\/v2\/pages\/11065\/revisions\/11068"}],"wp:attachment":[{"href":"https:\/\/www.aisilbagno.it\/es\/wp-json\/wp\/v2\/media?parent=11065"}],"curies":[{"name":"wp","href":"https:\/\/api.w.org\/{rel}","templated":true}]}}