{"id":11055,"date":"2019-04-10T09:21:11","date_gmt":"2019-04-10T07:21:11","guid":{"rendered":"https:\/\/www.aisilbagno.it\/?page_id=11055"},"modified":"2019-04-10T09:21:33","modified_gmt":"2019-04-10T07:21:33","slug":"preguntas-frecuentes","status":"publish","type":"page","link":"https:\/\/www.aisilbagno.it\/es\/preguntas-frecuentes\/","title":{"rendered":"PREGUNTAS FRECUENTES"},"content":{"rendered":"<section class=\"av_textblock_section \"  itemscope=\"itemscope\" itemtype=\"https:\/\/schema.org\/CreativeWork\" ><div class='avia_textblock  '   itemprop=\"text\" ><h2>PREGUNTAS FRECUENTES<\/h2>\n<h3>ENV\u00cdOS:<\/h3>\n<p style=\"text-align: justify;\">En todos los art\u00edculos se indican los gastos de env\u00edo, donde no se indica son gratuitos.<br \/>\nLos env\u00edos se realizan con:<\/p>\n<ul>\n<li style=\"text-align: justify;\">GLS: con entrega entre 24h y 72h desde el momento del env\u00edo, dependiendo de la ubicaci\u00f3n, todos los bienes est\u00e1n asegurados; El servicio de mensajer\u00eda lleva a cabo dos pasos en caso de ausencia del comprador, la devoluci\u00f3n se carga al comprador, incluidos los costos de almacenamiento.<\/li>\n<li style=\"text-align: justify;\">FERCAM: para los paquetes de ba\u00f1eras y cajas de hidromasaje m\u00e1s voluminosos env\u00edo con reserva telef\u00f3nica incluida en los costos;<\/li>\n<li style=\"text-align: justify;\"><strong>ATENCI\u00d3N<\/strong> los costos de los env\u00edos en los anuncios no son v\u00e1lidos para las <strong>UBICACIONES DESCARGADAS<\/strong> (nos pondremos en contacto con usted para proporcionarle un costo de transporte) y para <strong>las Islas<\/strong> (aparece autom\u00e1ticamente antes del pago)<\/li>\n<\/ul>\n<h3>C\u00d3MO CONVERTIRSE EN LA ENTREGA:<\/h3>\n<p style=\"text-align: justify;\">Antes de firmar el documento de transporte compruebe:<\/p>\n<ul style=\"text-align: justify;\">\n<li>el numero de paquetes<\/li>\n<li>integridad del paquete (si no se completa, firme con reserva y motivaci\u00f3n)<\/li>\n<\/ul>\n<p style=\"text-align: justify;\">ATENCI\u00d3N despu\u00e9s de 5 d\u00edas desde la recepci\u00f3n de la mercanc\u00eda, no se pueden aceptar informes de anomal\u00edas relacionadas con el transporte o el contenido del env\u00edo.<\/p>\n<h3>DEVOLUCIONES:<\/h3>\n<p style=\"text-align: justify;\">El cliente puede ejercer el derecho de desistimiento dentro de un plazo de 10 d\u00edas a partir de la recepci\u00f3n de los bienes, los gastos de env\u00edo y los viajes en riesgo y a expensas del comprador.<br \/>\nEl material debe estar en su embalaje original y sin da\u00f1os, con todas las piezas no manipuladas dentro del paquete. La compa\u00f1\u00eda Ais Il Bagno se reserva el derecho de verificar los bienes y acreditar el monto, el transporte reducido y cualquier anomal\u00eda.<\/p>\n<h3>DEDUCCIONES Y BONIFICACIONES DE IMPUESTOS<\/h3>\n<p><a href=\"\/wp-content\/uploads\/2015\/05\/iva4.pdf\" target=\"_blank\" rel=\"noopener\">IVA 4%<\/a> :<br \/>\n<strong>DISCAPACIDAD:<\/strong><br \/>\ndocumentos a enviar:<br \/>\ncomplete <strong><a href=\"\/wp-content\/uploads\/2015\/05\/iva4.pdf\" target=\"_blank\" rel=\"noopener\">este formulario<\/a><\/strong> y env\u00ede el c\u00f3digo de identificaci\u00f3n y de impuestos a <a href=\"mailto:info@aisilbagno.it\">info@aisilbagno.it<\/a><br \/>\n<strong>CASA EN CONSTRUCCION:<\/strong><br \/>\ndocumentos a enviar:<br \/>\ncomplete este formulario y env\u00ede la identificaci\u00f3n, el c\u00f3digo de compra fiscal y preliminar o la documentaci\u00f3n de compra para la casa en construcci\u00f3n<br \/>\n<a href=\"\/wp-content\/uploads\/2015\/05\/iva10.pdf\" target=\"_blank\" rel=\"noopener\">IVA 10%<\/a>:<br \/>\ncomplete<strong><a href=\"\/wp-content\/uploads\/2015\/05\/iva10.pdf\" target=\"_blank\" rel=\"noopener\">este formulario<\/a><\/strong> y env\u00ede el c\u00f3digo de identificaci\u00f3n y de impuestos a <a href=\"mailto:info@aisilbagno.it\">info@aisilbagno.it<\/a><\/p>\n<p>Al momento de la compra, una vez que haya ingresado todos los productos dentro del carrito, puede continuar con el pedido, en la p\u00e1gina donde se solicita el m\u00e9todo de pago ingrese el siguiente c\u00f3digo de descuento de cup\u00f3n IVA4 e IVA10. Las mercanc\u00edas ser\u00e1n enviadas solo despu\u00e9s de recibir toda la documentaci\u00f3n correcta.<\/p>\n<h3>M\u00c9TODOS DE PAGO<\/h3>\n<p style=\"text-align: justify;\">PAY PAL<br \/>\nTARJETAS DE CREDITO Y POSPAY<br \/>\nMARCAR SOLO en los art\u00edculos donde se indique.<br \/>\nTRANSFERENCIA BANCARIA POR ADELANTADO obligatorio en deducciones fiscales<\/p>\n<h3><\/h3>\n<\/div><\/section>\n","protected":false},"excerpt":{"rendered":"","protected":false},"author":2,"featured_media":0,"parent":0,"menu_order":0,"comment_status":"closed","ping_status":"closed","template":"","meta":[],"_links":{"self":[{"href":"https:\/\/www.aisilbagno.it\/es\/wp-json\/wp\/v2\/pages\/11055"}],"collection":[{"href":"https:\/\/www.aisilbagno.it\/es\/wp-json\/wp\/v2\/pages"}],"about":[{"href":"https:\/\/www.aisilbagno.it\/es\/wp-json\/wp\/v2\/types\/page"}],"author":[{"embeddable":true,"href":"https:\/\/www.aisilbagno.it\/es\/wp-json\/wp\/v2\/users\/2"}],"replies":[{"embeddable":true,"href":"https:\/\/www.aisilbagno.it\/es\/wp-json\/wp\/v2\/comments?post=11055"}],"version-history":[{"count":4,"href":"https:\/\/www.aisilbagno.it\/es\/wp-json\/wp\/v2\/pages\/11055\/revisions"}],"predecessor-version":[{"id":11058,"href":"https:\/\/www.aisilbagno.it\/es\/wp-json\/wp\/v2\/pages\/11055\/revisions\/11058"}],"wp:attachment":[{"href":"https:\/\/www.aisilbagno.it\/es\/wp-json\/wp\/v2\/media?parent=11055"}],"curies":[{"name":"wp","href":"https:\/\/api.w.org\/{rel}","templated":true}]}}