{"id":10980,"date":"2019-04-04T15:53:57","date_gmt":"2019-04-04T13:53:57","guid":{"rendered":"https:\/\/www.aisilbagno.it\/?page_id=10980"},"modified":"2021-12-21T17:08:56","modified_gmt":"2021-12-21T16:08:56","slug":"rueckgabe","status":"publish","type":"page","link":"https:\/\/www.aisilbagno.it\/de\/rueckgabe\/","title":{"rendered":"R\u00dcCKGABE"},"content":{"rendered":"<div class=\"flex_column av_one_full  flex_column_div first  avia-builder-el-0  avia-builder-el-no-sibling  \" ><section class=\"av_textblock_section \"  itemscope=\"itemscope\" itemtype=\"https:\/\/schema.org\/CreativeWork\" ><div class='avia_textblock  '   itemprop=\"text\" ><h2>R\u00dcCKGABE<\/h2>\n<p>Der Online-Kunde, der als Verbraucher auftritt, hat das Recht, vom Vertrag zur\u00fcckzutreten, wie es die Kunst vorsieht. 52. n. 206\/2005 (Verbraucherschutzgesetz).<br \/>\nEs sei darauf hingewiesen, dass dieses Recht nur nat\u00fcrlichen Personen vorbehalten ist, d. H. Privaten Verbrauchern, die zu nicht berufsm\u00e4\u00dfigen Zwecken handeln. Es besteht kein R\u00fccktrittsrecht f\u00fcr juristische und nat\u00fcrliche Personen, die in Bezug auf den Kaufvertrag beruflich handeln.<\/p>\n<p>Gem\u00e4\u00df und innerhalb der Grenzen der Kunst. Gem\u00e4\u00df Artikel 52 des Verbraucherschutzgesetzes hat der Verbraucher das Recht, innerhalb von 14 Tagen nach Erhalt der gekauften Produkte das Widerrufsrecht auszu\u00fcben, das darin besteht, die erhaltenen Produkte zur\u00fcckzugeben und den gezahlten Preis ohne Strafe und ohne Erstattung zu erstatten Geben Sie den Grund an.<\/p>\n<p>Dieses Recht gilt f\u00fcr alle Produkte, die auf dieser Website online gekauft werden, mit Ausnahme elektronischer Produkte, die versiegelt geliefert und anschlie\u00dfend vom Kunden ge\u00f6ffnet werden.<br \/>\nDie Kosten f\u00fcr die R\u00fccksendung des Produkts tr\u00e4gt der Verbraucher.<\/p>\n<p>Verfahren zur Aus\u00fcbung des Widerrufsrechts<br \/>\nUm das Widerrufsrecht auszu\u00fcben, ist es erforderlich, innerhalb von 14 Tagen nach Erhalt des gekauften Produkts eine Mitteilung an den Verk\u00e4ufer zu senden, in der die Absicht, von dem Kaufvertrag zur\u00fcckzutreten, klar zum Ausdruck gebracht wird.<br \/>\nDiese Mitteilung muss per E-Mail an <a href=\"mailto:info@aisilbagno.it\">info@aisilbagno.it<\/a> oder per Post an folgende Adresse gesendet werden:<\/p>\n<p>AIS IL BAGNO snc<br \/>\nVIA Bellini Vincenzo, 17\/19 \/ R<br \/>\n16152, Genua (GE)<\/p>\n<p>Zur Einhaltung der vorgenannten Frist von 14 Tagen reicht es aus, dass der Kunde die Mitteilung \u00fcber die Aus\u00fcbung des R\u00fccktrittsrechts vor Ablauf der Widerrufsfrist absendet.<br \/>\nAls Alternative zu der vorgenannten Mitteilung kann der Kunde zur Aus\u00fcbung des Widerrufsrechts das Standardformular verwenden, das diesen allgemeinen Bedingungen beigef\u00fcgt ist und in \u00dcbereinstimmung mit dem in der gesetzesvertretenden Verordnung Nr. 206\/2005. Dieses Formular kann per E-Mail an <a href=\"mailto:info@aisilbagno.it\">info@aisilbagno.it<\/a> oder per Post an den Verk\u00e4ufer unter der oben genannten Adresse gesendet werden.<\/p>\n<p>Widerrufsrecht bei &#8222;Entsch\u00e4digung&#8220;<\/p>\n<p>Das Widerrufsrecht zur erneuten Pr\u00fcfung ist innerhalb einer Frist von 14 Tagen ab Erhalt m\u00f6glich. Es besteht die M\u00f6glichkeit, das Widerrufsrecht ohne besondere Begr\u00fcndung auszu\u00fcben und die R\u00fcckerstattung des f\u00fcr den Kauf gezahlten Betrags zus\u00e4tzlich zu den Versandkosten zu verlangen. R\u00fccksendekosten werden dem Kunden in Rechnung gestellt. Ais il Bagno beh\u00e4lt sich das Recht vor, zu \u00fcberpr\u00fcfen, ob die zur\u00fcckgesandte Ware mit dem Original-Siegel unversehrt ist und nicht so gehandhabt werden darf, dass der urspr\u00fcngliche Wert gemindert wird. Ais il Bagno erstattet den Kauf innerhalb von 14 Kalendertagen ab dem Tag, an dem Sie den zur\u00fcckgesendeten Artikel erhalten haben, mit derselben Zahlungsmethode wie der K\u00e4ufer. Ais il Bagno haftet nicht f\u00fcr Artikel, die in unserem B\u00fcro ohne Tracking versandt werden. Ais il Bagno akzeptiert keine R\u00fccksendungen f\u00fcr Sonderanfertigungen (Art. 59.1 C) f\u00fcr spezifische Kundenbed\u00fcrfnisse wie Duschkabinen und Duschkabinen. Technische Ma\u00dfnahmen m\u00fcssen vom Kunden vor Unterzeichnung der Bestellung \u00fcberpr\u00fcft werden.<\/p>\n<h3>WIRKUNGEN DER ERSTATTUNG<\/h3>\n<p>a) R\u00fcckerstattung an den Kunden<br \/>\nIm Falle eines R\u00fccktritts des Kunden erstattet der Verk\u00e4ufer alle vom Kunden erhaltenen Zahlungen einschlie\u00dflich etwaiger Versandkosten sp\u00e4testens 14 (vierzehn) Tage nach Erhalt der R\u00fccktrittserkl\u00e4rung mit den gleichen Zahlungsmitteln, die der Kunde f\u00fcr verwendet die urspr\u00fcngliche Transaktion, es sei denn, der Kunde hat der Erstattung auf unterschiedliche Weise zugestimmt. In keinem Fall entstehen dem Benutzer aufgrund dieser R\u00fcckerstattung Entgelte.<\/p>\n<p>b) R\u00fcckgabe der gekauften Ware<br \/>\nSobald das Widerrufsrecht ausge\u00fcbt wird, muss der Kunde auf seine Kosten die R\u00fccknahme der gekauften Produkte leisten, die entsprechend gesch\u00fctzt oder in der Originalverpackung zusammen mit dem gesamten Zubeh\u00f6r einschlie\u00dflich der Bedienungsanleitungen verpackt sein m\u00fcssen. R\u00fcckgaben werden nicht angenommen. in nicht originalverpackung, fehlenden st\u00fcck oder in behelfsm\u00e4\u00dfiger verpackung.<\/p>\n<p>Die zur\u00fcckzusendenden Waren m\u00fcssen vom Kunden innerhalb von 14 (vierzehn) Tagen ab dem Datum versandt werden, an dem der Kunde dem Verk\u00e4ufer seine Entscheidung mitgeteilt hat, vom Vertrag zur\u00fcckzutreten, und zwar am Ort des Verk\u00e4ufers in:<\/p>\n<p>AIS IL BAGNO snc<br \/>\nVIA Bellini Vincenzo, 17\/19 \/ R<br \/>\n16152, Genua (GE)<\/p>\n<p>Die vorstehende Frist von 14 Tagen ist eingehalten, wenn der Kunde die Waren vor Ablauf der gleichen Frist von 14 Tagen zur\u00fccksendet.<br \/>\nIm Falle des R\u00fccktritts hat der Kunde gem\u00e4\u00df diesem Artikel die direkten Kosten f\u00fcr die R\u00fccksendung der Ware zu tragen.<br \/>\nDer Kunde haftet nur f\u00fcr die Wertminderung der gekauften Ware, die sich aus einer anderen als der zur Feststellung der Beschaffenheit, Eigenschaften und Funktionsweise der Ware selbst erforderlichen Behandlung ergibt. Daher d\u00fcrfen die Produkte nicht besch\u00e4digt oder ver\u00e4ndert worden sein.<\/p>\n<p>Anhang &#8211; Standardformular zur Aus\u00fcbung des Widerrufsrechts gem\u00e4\u00df Art. 49, Absatz 1, lit.h des Decreto legislativo 206\/2005 (Verbrauchergesetzbuch)<br \/>\nEmpf\u00e4nger: Verk\u00e4ufer______________, Hauptsitz______________________, Tel __________________,<br \/>\nFax __________________, E-Mail _______________<br \/>\nWir informieren Sie hiermit (*) \u00fcber den R\u00fccktritt von meinem \/ unserem (*) Kaufvertrag<br \/>\nvon den folgenden Waren \/ Dienstleistungen (*) _____________<br \/>\nBestellt am _____________________<br \/>\nName des Verbrauchers: __________________<br \/>\nVerbraucheradresse _______________<\/p>\n<p>Verbraucher Unterschrift:<br \/>\n______________<\/p>\n<p>Datum _______________<\/p>\n<p>(*) L\u00f6schen Sie die unbrauchbare Formulierung<\/p>\n<h3>WICHTIGE HINWEISE<\/h3>\n<p>Die Transportkosten und die Verantwortung der Ware w\u00e4hrend des Transports werden, wie gesetzlich vorgesehen, dem Verbraucher in Rechnung gestellt.<br \/>\nEs ist daher ratsam, das Produkt beim ausgew\u00e4hlten Kurier zu versichern, die Ware sorgf\u00e4ltig zu verpacken, die Originalverpackung nach M\u00f6glichkeit in eine Umverpackung einzulegen und in jedem Fall eine Besch\u00e4digung des Produkts mit Klebeb\u00e4ndern, Etiketten usw. zu vermeiden. Das Produkt muss vollst\u00e4ndig und vollst\u00e4ndig mit allen Teilen und Zubeh\u00f6r, einschlie\u00dflich Garantien, Anweisungen, Benutzerlizenzen, Kabeln usw. zur\u00fcckgegeben werden. Bei Transportsch\u00e4den, die w\u00e4hrend der R\u00fccksendung aufgetreten sind, teilt der Verk\u00e4ufer dem Verbraucher den Schaden innerhalb von f\u00fcnf Arbeitstagen nach Erhalt des Produkts mit, sodass der Verbraucher eine Beschwerde beim f\u00fcr den Transport verwendeten Spediteur einreichen kann. Die besch\u00e4digte Ware wird f\u00fcr die R\u00fccksendung zur Verf\u00fcgung gestellt und die R\u00fccktrittsanfrage wird gleichzeitig storniert.<br \/>\nAusgenommen wie nachstehend f\u00fcr den Teilr\u00fccktrittsfall beschrieben<\/p>\n<h3>STORNIERUNGSRECHT<\/h3>\n<p>Ais il Bagno beh\u00e4lt sich das Recht vor, eine Bestellung zu stornieren, selbst wenn sie vom System best\u00e4tigt und vom Kunden bereits bezahlt wurde, wenn bei der Berechnung der Sendung Abweichungen auftreten oder offensichtliche Preisfehler vorliegen oder der Kunde den bezahlten Betrag ohne zus\u00e4tzliche Kosten erstattet.<\/p>\n<h3>ANTRAG AUF STORNIERUNG<\/h3>\n<p>Die Bestellung kann vollst\u00e4ndig storniert werden, wenn sich zum Zeitpunkt der Stornierungsanforderung der Versand des Produkts noch in Vorbereitung befindet und in jedem Fall der Betrag noch nicht eingezogen wurde. In diesem Fall werden dem Kunden keine Kosten in Rechnung gestellt.<\/p>\n<p>Wenn das Produkt zum Zeitpunkt der Aufforderung zur Stornierung der Bestellung bereits dem Kurier anvertraut ist oder der Betrag in jedem Fall eingezogen wurde, muss der Verbraucher das R\u00fccktrittsrecht aus\u00fcben und die Ware an den Verk\u00e4ufer zur\u00fccksenden.<\/p>\n<p>Zu diesem Zweck m\u00fcssen die oben genannten Verfahren zur Aus\u00fcbung des Widerrufsrechts befolgt werden.<br \/>\nF\u00fcr weitere Informationen k\u00f6nnen Sie uns schreiben, indem Sie unten klicken: Kontaktieren Sie uns<\/p>\n<h3>VERFAHREN ZUR VERWENDUNG<\/h3>\n<p>Ais il Bagno lehnt jegliche Verantwortung f\u00fcr den Fall ab, dass die Produkte unsachgem\u00e4\u00df verwendet werden oder die Installation nicht korrekt ist. Ais il Bagno haftet nicht f\u00fcr direkte oder indirekte Sch\u00e4den, die dem Kunden durch fehlerhafte oder nicht bestimmungsgem\u00e4\u00dfe Verwendung des Produkts, falsche Installation, Fahrl\u00e4ssigkeit oder die Verwendung des Produkts in ungeeigneten Umgebungen durch \u00fcberm\u00e4\u00dfige Sch\u00e4den entstanden sind Feuchtigkeit, \u00fcberm\u00e4\u00dfige Erhitzung oder andere Witterungseinfl\u00fcsse.<\/p>\n<div class=\"rte\"><\/div>\n<\/div><\/section><\/div>\n","protected":false},"excerpt":{"rendered":"","protected":false},"author":1,"featured_media":0,"parent":0,"menu_order":0,"comment_status":"closed","ping_status":"closed","template":"","meta":[],"_links":{"self":[{"href":"https:\/\/www.aisilbagno.it\/de\/wp-json\/wp\/v2\/pages\/10980"}],"collection":[{"href":"https:\/\/www.aisilbagno.it\/de\/wp-json\/wp\/v2\/pages"}],"about":[{"href":"https:\/\/www.aisilbagno.it\/de\/wp-json\/wp\/v2\/types\/page"}],"author":[{"embeddable":true,"href":"https:\/\/www.aisilbagno.it\/de\/wp-json\/wp\/v2\/users\/1"}],"replies":[{"embeddable":true,"href":"https:\/\/www.aisilbagno.it\/de\/wp-json\/wp\/v2\/comments?post=10980"}],"version-history":[{"count":4,"href":"https:\/\/www.aisilbagno.it\/de\/wp-json\/wp\/v2\/pages\/10980\/revisions"}],"predecessor-version":[{"id":13515,"href":"https:\/\/www.aisilbagno.it\/de\/wp-json\/wp\/v2\/pages\/10980\/revisions\/13515"}],"wp:attachment":[{"href":"https:\/\/www.aisilbagno.it\/de\/wp-json\/wp\/v2\/media?parent=10980"}],"curies":[{"name":"wp","href":"https:\/\/api.w.org\/{rel}","templated":true}]}}