{"id":10956,"date":"2019-04-04T14:49:33","date_gmt":"2019-04-04T12:49:33","guid":{"rendered":"https:\/\/www.aisilbagno.it\/?page_id=10956"},"modified":"2022-01-18T11:21:02","modified_gmt":"2022-01-18T10:21:02","slug":"ueber-uns","status":"publish","type":"page","link":"https:\/\/www.aisilbagno.it\/de\/ueber-uns\/","title":{"rendered":"\u00dcber uns"},"content":{"rendered":"<div id='av_section_1' class='avia-section main_color avia-section-small avia-no-shadow avia-full-stretch avia-bg-style-scroll  avia-builder-el-0  el_before_av_two_third  avia-builder-el-first   av-minimum-height av-minimum-height-custom container_wrap fullsize' style = 'background-repeat: no-repeat; background-image: url(https:\/\/www.aisilbagno.it\/wp-content\/uploads\/2015\/04\/slide-negozio-3.png);background-attachment: scroll; background-position: center center; ' data-section-bg-repeat='stretch' ><div class='container' style='height:500px'><main  role=\"main\" itemprop=\"mainContentOfPage\"  class='template-page content  av-content-full alpha units'><div class='post-entry post-entry-type-page post-entry-10956'><div class='entry-content-wrapper clearfix'><\/div><\/div><\/main><!-- close content main element --><\/div><\/div><div id='after_section_1' class='main_color av_default_container_wrap container_wrap fullsize'   ><div class='container' ><div class='template-page content  av-content-full alpha units'><div class='post-entry post-entry-type-page post-entry-10956'><div class='entry-content-wrapper clearfix'>\n<div class=\"flex_column av_two_third  flex_column_div first  avia-builder-el-1  el_after_av_section  el_before_av_one_third  avia-builder-el-first  \" ><section class=\"av_textblock_section \"  itemscope=\"itemscope\" itemtype=\"https:\/\/schema.org\/CreativeWork\" ><div class='avia_textblock  '   itemprop=\"text\" ><h2>\u00dcber uns<\/h2>\n<blockquote>\n<h5 style=\"text-align: justify;\">Ais Il Bagno ist seit 1967 im Sanit\u00e4rbereich t\u00e4tig und zeichnet sich durch die Auswahl der angebotenen Produkte sowie durch die Freundlichkeit und Kompetenz aus, die den Kunden bei der Auswahl des richtigen Produkts helfen.<\/h5>\n<\/blockquote>\n<p>Wir von Ais il Bagno glauben, dass das Badezimmer ein grundlegender Teil des Hauses ist, in dem Sie sich entspannen und auf sich selbst aufpassen. Aus diesem Grund w\u00e4hlen wir nur die besten Marken aus, damit das Badezimmer in Ihrem Zuhause zu einem Raum der Sch\u00f6nheit wird Entspannung.<\/p>\n<p>Dank der Zusammenarbeit mit den wichtigsten Marken der Branche besch\u00e4ftigen wir uns mit den besten Badm\u00f6belprodukten, M\u00f6beln und Spiegeln, Badaccessoires, Badewannen und Duschen f\u00fcr jeden Bedarf.<\/p>\n<p>Wir erwarten Sie in Genua. Unser qualifiziertes Personal hilft Ihnen mit wertvollen Tipps, um Ihr Zuhause noch sch\u00f6ner zu machen.<\/p>\n<\/div><\/section><\/div>\n<div class=\"flex_column av_one_third  flex_column_div av-zero-column-padding   avia-builder-el-3  el_after_av_two_third  el_before_av_one_third  \" style='border-radius:0px; '><p><div  style='height:75px' class='hr hr-invisible   avia-builder-el-4  el_before_av_image  avia-builder-el-first '><span class='hr-inner ' ><span class='hr-inner-style'><\/span><\/span><\/div><br \/>\n<div  class='avia-image-container  av-styling-    avia-builder-el-5  el_after_av_hr  avia-builder-el-last  avia-align-center '  itemscope=\"itemscope\" itemtype=\"https:\/\/schema.org\/ImageObject\"  ><div class='avia-image-container-inner'><div class='avia-image-overlay-wrap'><img class='wp-image-12356 avia-img-lazy-loading-not-12356 avia_image' src=\"https:\/\/www.aisilbagno.it\/wp-content\/uploads\/2015\/04\/logo-3d-845x321.png\" alt='' title='' height=\"321\" width=\"845\"  itemprop=\"contentURL\"  \/><\/div><\/div><\/div><\/p><\/div>\n<div class=\"flex_column av_one_third  flex_column_div first  avia-builder-el-6  el_after_av_one_third  el_before_av_one_third  column-top-margin\" ><article  class=\"iconbox iconbox_left_content    avia-builder-el-7  avia-builder-el-no-sibling  \"  itemscope=\"itemscope\" itemtype=\"https:\/\/schema.org\/CreativeWork\" ><div class=\"iconbox_icon heading-color\" aria-hidden='true' data-av_icon='\ue842' data-av_iconfont='entypo-fontello'  style='background-color:#3d71a4; border:1px solid #3d71a4; color:#ffffff; ' ><\/div><div class=\"iconbox_content\"><header class=\"entry-content-header\"><h3 class='iconbox_content_title  '  itemprop=\"headline\"   style='color:#3d71a4; '>Wo sind wir?<\/h3><\/header><div class='iconbox_content_container av_inherit_color '  itemprop=\"text\"   style='color:#666666; '><p>Unser Gesch\u00e4ft befindet sich in der Gegend von Cornigliano. Um uns zu erreichen, wenden Sie sich bitte an v. Johannes von Akko. Lagerhaus: 22 \/ KW, V. Brighetti.<\/p>\n<\/div><\/div><footer class=\"entry-footer\"><\/footer><\/article><\/div>\n<div class=\"flex_column av_one_third  flex_column_div av-zero-column-padding   avia-builder-el-8  el_after_av_one_third  el_before_av_one_third  column-top-margin\" style='border-radius:0px; '><article  class=\"iconbox iconbox_left_content    avia-builder-el-9  avia-builder-el-no-sibling  \"  itemscope=\"itemscope\" itemtype=\"https:\/\/schema.org\/CreativeWork\" ><div class=\"iconbox_icon heading-color\" aria-hidden='true' data-av_icon='\ue862' data-av_iconfont='entypo-fontello'  style='background-color:#3d71a4; border:1px solid #3d71a4; color:#ffffff; ' ><\/div><div class=\"iconbox_content\"><header class=\"entry-content-header\"><h3 class='iconbox_content_title  '  itemprop=\"headline\"   style='color:#3d71a4; '>Stunden speichern<\/h3><\/header><div class='iconbox_content_container av_inherit_color '  itemprop=\"text\"   style='color:#666666; '><p>Ge\u00f6ffnet von Montag bis Freitag: 09.00-12.00 \/ 15.00-19.00 Uhr e<br \/>\nSamstag 09.00-12.00 \/ 16.00-19.00 Uhr.<\/p>\n<\/div><\/div><footer class=\"entry-footer\"><\/footer><\/article><\/div><div class=\"flex_column av_one_third  flex_column_div av-zero-column-padding   avia-builder-el-10  el_after_av_one_third  avia-builder-el-last  column-top-margin\" style='border-radius:0px; '><article  class=\"iconbox iconbox_left_content    avia-builder-el-11  avia-builder-el-no-sibling  \"  itemscope=\"itemscope\" itemtype=\"https:\/\/schema.org\/CreativeWork\" ><div class=\"iconbox_icon heading-color\" aria-hidden='true' data-av_icon='\ue859' data-av_iconfont='entypo-fontello'  style='background-color:#3d71a4; border:1px solid #3d71a4; color:#ffffff; ' ><\/div><div class=\"iconbox_content\"><header class=\"entry-content-header\"><h3 class='iconbox_content_title  '  itemprop=\"headline\"   style='color:#3d71a4; '>Unsere produkte<\/h3><\/header><div class='iconbox_content_container av_inherit_color '  itemprop=\"text\"   style='color:#666666; '><p>Besuchen Sie den Abschnitt \u00fcber unsere Produkte, um mehr \u00fcber das breite Angebot zu erfahren.<\/p>\n<\/div><\/div><footer class=\"entry-footer\"><\/footer><\/article><\/div><\/p>\n","protected":false},"excerpt":{"rendered":"","protected":false},"author":1,"featured_media":0,"parent":0,"menu_order":0,"comment_status":"closed","ping_status":"closed","template":"","meta":[],"_links":{"self":[{"href":"https:\/\/www.aisilbagno.it\/de\/wp-json\/wp\/v2\/pages\/10956"}],"collection":[{"href":"https:\/\/www.aisilbagno.it\/de\/wp-json\/wp\/v2\/pages"}],"about":[{"href":"https:\/\/www.aisilbagno.it\/de\/wp-json\/wp\/v2\/types\/page"}],"author":[{"embeddable":true,"href":"https:\/\/www.aisilbagno.it\/de\/wp-json\/wp\/v2\/users\/1"}],"replies":[{"embeddable":true,"href":"https:\/\/www.aisilbagno.it\/de\/wp-json\/wp\/v2\/comments?post=10956"}],"version-history":[{"count":4,"href":"https:\/\/www.aisilbagno.it\/de\/wp-json\/wp\/v2\/pages\/10956\/revisions"}],"predecessor-version":[{"id":13530,"href":"https:\/\/www.aisilbagno.it\/de\/wp-json\/wp\/v2\/pages\/10956\/revisions\/13530"}],"wp:attachment":[{"href":"https:\/\/www.aisilbagno.it\/de\/wp-json\/wp\/v2\/media?parent=10956"}],"curies":[{"name":"wp","href":"https:\/\/api.w.org\/{rel}","templated":true}]}}