{"id":10952,"date":"2019-04-04T14:39:23","date_gmt":"2019-04-04T12:39:23","guid":{"rendered":"https:\/\/www.aisilbagno.it\/?page_id=10952"},"modified":"2019-04-04T14:39:23","modified_gmt":"2019-04-04T12:39:23","slug":"verbringungen","status":"publish","type":"page","link":"https:\/\/www.aisilbagno.it\/de\/verbringungen\/","title":{"rendered":"VERBRINGUNGEN"},"content":{"rendered":"<section class=\"av_textblock_section \"  itemscope=\"itemscope\" itemtype=\"https:\/\/schema.org\/CreativeWork\" ><div class='avia_textblock  '   itemprop=\"text\" ><h2>VERBRINGUNGEN:<\/h2>\n<p>Bei allen Artikeln sind Versandkosten angegeben, sofern nicht kostenlos angegeben.<br \/>\nSendungen erfolgen mit:<\/p>\n<p>GLS: Bei Lieferung zwischen 24 Uhr und 72 Uhr ab Versanddatum, je nach Standort, sind alle Waren versichert. Der Kurier f\u00fchrt bei Abwesenheit des K\u00e4ufers zwei Schritte aus, die R\u00fccksendung wird dem K\u00e4ufer einschlie\u00dflich der Lagerkosten in Rechnung gestellt.<br \/>\nFERCAM: F\u00fcr die sperrigsten Pakete sind Wannen und Whirlpool-Boxen mit telefonischer Buchung im Preis enthalten.<br \/>\nACHTUNG Die Kosten f\u00fcr Sendungen in den Anzeigen sind nicht g\u00fcltig f\u00fcr die AUSGEWIESENEN STANDORTE (wir werden Sie kontaktieren, um Ihnen die Transportkosten zu geben) und f\u00fcr die Inseln (diese erscheinen automatisch vor der Zahlung).<\/p>\n<h3>WIE MAN DIE LIEFERUNG VERHANDELT:<\/h3>\n<p>Vor dem Signieren der Transportdokumentpr\u00fcfung:<\/p>\n<p>die Anzahl der Pakete<br \/>\nIntegrit\u00e4t des Pakets (falls nicht vollst\u00e4ndig unterschrieben mit Reservierung und Motivation)<br \/>\nACHTUNG Nach 5 Tagen nach Erhalt der Ware k\u00f6nnen Berichte \u00fcber Unregelm\u00e4\u00dfigkeiten im Zusammenhang mit dem Transport oder dem Inhalt der Sendung nicht akzeptiert werden.<\/p>\n<h3>R\u00dcCKGABE:<\/h3>\n<p>Der Kunde kann das R\u00fccktrittsrecht innerhalb von 10 Tagen nach Erhalt der Ware, der Versandkosten und der Warenreise auf Gefahr und auf Kosten des K\u00e4ufers aus\u00fcben.<br \/>\nDas Material muss in der Originalverpackung und unbesch\u00e4digt sein mit allen Teilen, die nicht innerhalb der Verpackung manipuliert wurden. Die Firma Ais Il Bagno beh\u00e4lt sich das Recht vor, die Ware zu inspizieren und den Betrag, den reduzierten Transport und eventuelle Unregelm\u00e4\u00dfigkeiten gutzuschreiben.<\/p>\n<h3>STEUERABTEILUNGEN UND PR\u00c4MIEN<\/h3>\n<p><a href=\"\/wp-content\/uploads\/2015\/05\/iva4.pdf\" target=\"_blank\" rel=\"noopener\">Mehrwertsteuer 4%:<\/a> :<br \/>\n<strong>GESPERRT:<\/strong><br \/>\nDokumente zum Senden:<br \/>\nF\u00fcllen Sie \u00a0<strong><a href=\"\/wp-content\/uploads\/2015\/05\/iva4.pdf\" target=\"_blank\" rel=\"noopener\">dieses Formular<\/a><\/strong> aus und senden Sie die ID und das Steuerkennzeichen an info@aisilbagno.it<br \/>\n<strong>HAUS IM BAU:<\/strong><br \/>\nDokumente zum Senden:<br \/>\nF\u00fcllen Sie dieses Formular aus und senden Sie die ID, den steuerlichen und den vorl\u00e4ufigen Kaufcode oder die Kaufdokumentation f\u00fcr das im Bau befindliche Haus<br \/>\n<a href=\"\/wp-content\/uploads\/2015\/05\/iva10.pdf\" target=\"_blank\" rel=\"noopener\">10% MwSt.:<\/a>:<br \/>\nF\u00fcllen Sie\u00a0<strong><a href=\"\/wp-content\/uploads\/2015\/05\/iva10.pdf\" target=\"_blank\" rel=\"noopener\">dieses Formular<\/a><\/strong> aus und senden Sie die ID und das Steuerkennzeichen an info@aisilbagno.it<br \/>\nWenn Sie zum Zeitpunkt des Kaufs alle Produkte in den Warenkorb eingegeben haben, k\u00f6nnen Sie mit der Bestellung fortfahren. Geben Sie auf der Seite, auf der die Zahlungsmethode angefordert wird, den folgenden Coupon-Rabattcode IVA4 und IVA10 ein. Die Ware wird erst nach Erhalt aller korrekten Unterlagen versandt.<\/p>\n<h3>ZAHLUNGSMETHODEN<\/h3>\n<p style=\"text-align: justify;\">PAY PAL<br \/>\nKREDITKARTEN UND POSTPAY<br \/>\nMARKIEREN SIE NUR in den Artikeln wo angegeben<br \/>\nBANK\u00dcBERWEISUNG IM VORAUS zwingend bei Steuerabzug<\/p>\n<h3><\/h3>\n<\/div><\/section>\n","protected":false},"excerpt":{"rendered":"","protected":false},"author":1,"featured_media":0,"parent":0,"menu_order":0,"comment_status":"closed","ping_status":"closed","template":"","meta":[],"_links":{"self":[{"href":"https:\/\/www.aisilbagno.it\/de\/wp-json\/wp\/v2\/pages\/10952"}],"collection":[{"href":"https:\/\/www.aisilbagno.it\/de\/wp-json\/wp\/v2\/pages"}],"about":[{"href":"https:\/\/www.aisilbagno.it\/de\/wp-json\/wp\/v2\/types\/page"}],"author":[{"embeddable":true,"href":"https:\/\/www.aisilbagno.it\/de\/wp-json\/wp\/v2\/users\/1"}],"replies":[{"embeddable":true,"href":"https:\/\/www.aisilbagno.it\/de\/wp-json\/wp\/v2\/comments?post=10952"}],"version-history":[{"count":3,"href":"https:\/\/www.aisilbagno.it\/de\/wp-json\/wp\/v2\/pages\/10952\/revisions"}],"predecessor-version":[{"id":11585,"href":"https:\/\/www.aisilbagno.it\/de\/wp-json\/wp\/v2\/pages\/10952\/revisions\/11585"}],"wp:attachment":[{"href":"https:\/\/www.aisilbagno.it\/de\/wp-json\/wp\/v2\/media?parent=10952"}],"curies":[{"name":"wp","href":"https:\/\/api.w.org\/{rel}","templated":true}]}}